{"id":343,"date":"2018-12-02T10:32:30","date_gmt":"2018-12-02T09:32:30","guid":{"rendered":"http:\/\/famille-giraud-quevillier.fr\/?page_id=343"},"modified":"2018-12-04T17:21:49","modified_gmt":"2018-12-04T16:21:49","slug":"annee-college-1960","status":"publish","type":"page","link":"https:\/\/famille-giraud-quevillier.fr\/index.php\/annee-college-1960\/","title":{"rendered":"Coll\u00e8ge 1960-1961"},"content":{"rendered":"<p>[et_pb_section fb_built=\u00a0\u00bb1&Prime; _builder_version=\u00a0\u00bb3.17.6&Prime; custom_padding=\u00a0\u00bb0|0px|0|0px|false|false\u00a0\u00bb][et_pb_row custom_padding=\u00a0\u00bb27.6375px|0px|0|0px|false|false\u00a0\u00bb _builder_version=\u00a0\u00bb3.17.6&Prime;][et_pb_column type=\u00a0\u00bb4_4&Prime; _builder_version=\u00a0\u00bb3.17.6&Prime; parallax=\u00a0\u00bboff\u00a0\u00bb parallax_method=\u00a0\u00bbon\u00a0\u00bb][et_pb_text _builder_version=\u00a0\u00bb3.17.6&Prime; text_font=\u00a0\u00bb||||||||\u00a0\u00bb ul_font=\u00a0\u00bb||||||||\u00a0\u00bb header_font=\u00a0\u00bb||||||||\u00a0\u00bb header_2_font=\u00a0\u00bb||||||||\u00a0\u00bb header_2_font_size=\u00a0\u00bb30px\u00a0\u00bb custom_margin=\u00a0\u00bb||\u00a0\u00bb]<\/p>\n<h2 style=\"text-align: center;\">Coll\u00e8ge \u00ab\u00a0ROUSTAN\u00a0\u00bb 1ere moderne<\/h2>\n<p>[\/et_pb_text][et_pb_divider divider_weight=\u00a0\u00bb3px\u00a0\u00bb _builder_version=\u00a0\u00bb3.17.6&Prime; max_width=\u00a0\u00bb4%\u00a0\u00bb module_alignment=\u00a0\u00bbcenter\u00a0\u00bb custom_margin=\u00a0\u00bb-30px||\u00a0\u00bb color__hover_enabled=\u00a0\u00bbon\u00a0\u00bb][\/et_pb_divider][et_pb_code _builder_version=\u00a0\u00bb3.17.6&Prime; text_orientation=\u00a0\u00bbcenter\u00a0\u00bb custom_margin=\u00a0\u00bb-25px||\u00a0\u00bb]<img decoding=\"async\" loading=\"lazy\" src=\"http:\/\/famille-giraud-quevillier.fr\/wp-content\/uploads\/2018\/11\/1960_1961_1moderne-HTML.jpg\" usemap=\"#image-map\" border=0 width=\"640\" height=\"451\"><!-- [et_pb_line_break_holder] --> <!-- [et_pb_line_break_holder] --><\/p>\n<map name=\"image-map\"><!-- [et_pb_line_break_holder] --><\/p>\n<area shape=\"rect\" coords=\"152,35,194,79\" href=\"#p26\" title=\"- 1 - inconnu \"><!-- [et_pb_line_break_holder] --><\/p>\n<area shape=\"rect\" coords=\"214,39,254,80\" href=\"#p27\" title=\"- 2 - inconnu  \"><!-- [et_pb_line_break_holder] --><\/p>\n<area shape=\"rect\" coords=\"268,37,308,78\" href=\"#p28\" title=\"- 3 - inconnu  \"><!-- [et_pb_line_break_holder] --><\/p>\n<area shape=\"rect\" coords=\"335,37,375,78\" href=\"#p29\" title=\"- 4 - G\u00e9rard ESCALIER\"><!-- [et_pb_line_break_holder] --><\/p>\n<area shape=\"rect\" coords=\"409,32,449,73\" href=\"#p30\" title=\"- 5 - inconnu  \"><!-- [et_pb_line_break_holder] --><\/p>\n<area shape=\"rect\" coords=\"66,85,106,126\" href=\"#p31\" title=\"- 6 - inconnu  \"><!-- [et_pb_line_break_holder] --><\/p>\n<area shape=\"rect\" coords=\"133,83,172,124\" href=\"#p32\" title=\"- 7 - inconnu  \"><!-- [et_pb_line_break_holder] --><\/p>\n<area shape=\"rect\" coords=\"186,86,226,127\" href=\"#p33\" title=\"- 8 - inconnu  \"><!-- [et_pb_line_break_holder] --><\/p>\n<area shape=\"rect\" coords=\"244,85,284,126\" href=\"#p34\" title=\"- 9 - inconnu  \"><!-- [et_pb_line_break_holder] --><\/p>\n<area shape=\"rect\" coords=\"305,91,344,132\" href=\"#p35\" title=\"- 10 - Annie LEONETTI  \"><!-- [et_pb_line_break_holder] --><\/p>\n<area shape=\"rect\" coords=\"364,86,404,127\" href=\"#p36\" title=\"- 11 - inconnu  \"><!-- [et_pb_line_break_holder] --><\/p>\n<area shape=\"rect\" coords=\"431,77,471,118\" href=\"#p37\" title=\"- 12 - Monique GOVI\"><!-- [et_pb_line_break_holder] --><\/p>\n<area shape=\"rect\" coords=\"492,74,532,115\" href=\"#p38\" title=\"- 13 - inconnu  \"><!-- [et_pb_line_break_holder] --><\/p>\n<area shape=\"rect\" coords=\"60,148,100,188\" href=\"#p39\" title=\"- 14 - inconnu  \"><!-- [et_pb_line_break_holder] --><\/p>\n<area shape=\"rect\" coords=\"127,138,166,178\" href=\"#p40\" title=\"- 15 - Bernard LALLEMENT\"><!-- [et_pb_line_break_holder] --><\/p>\n<area shape=\"rect\" coords=\"192,135,232,175\" href=\"#p41\" title=\"- 16 - Annick LEMEE\"><!-- [et_pb_line_break_holder] --><\/p>\n<area shape=\"rect\" coords=\"241,139,281,179\" href=\"#p42\" title=\"- 17 - inconnu  \"><!-- [et_pb_line_break_holder] --><\/p>\n<area shape=\"rect\" coords=\"314,141,353,181\" href=\"#p43\" title=\"- 18 - Michelle BRON\"><!-- [et_pb_line_break_holder] --><\/p>\n<area shape=\"rect\" coords=\"368,142,408,182\" href=\"#p44\" title=\"- 19 - inconnu  \"><!-- [et_pb_line_break_holder] --><\/p>\n<area shape=\"rect\" coords=\"430,130,470,170\" href=\"#p45\" title=\"- 20 - inconnu  \"><!-- [et_pb_line_break_holder] --><\/p>\n<area shape=\"rect\" coords=\"490,127,530,167\" href=\"#p5\" title=\"- 21 - G\u00e9rard GIRAUD\"><!-- [et_pb_line_break_holder] --><\/p>\n<area shape=\"rect\" coords=\"548,123,588,163\" href=\"#p47\" title=\"- 22 -  FLEURY\"><!-- [et_pb_line_break_holder] --><\/p>\n<area shape=\"rect\" coords=\"28,208,68,249\" href=\"#p48\" title=\"- 23 - Claire ROUTIN\"><!-- [et_pb_line_break_holder] --><\/p>\n<area shape=\"rect\" coords=\"97,209,137,250\" href=\"#p49\" title=\"- 24 - inconnu  \"><!-- [et_pb_line_break_holder] --><\/p>\n<area shape=\"rect\" coords=\"165,198,205,239\" href=\"#p50\" title=\"- 25 - inconnu  \"><!-- [et_pb_line_break_holder] --><\/p>\n<area shape=\"rect\" coords=\"215,199,255,240\" href=\"#p51\" title=\"- 26 - inconnu  \"><!-- [et_pb_line_break_holder] --><\/p>\n<area shape=\"rect\" coords=\"286,188,325,229\" href=\"#p52\" title=\"- 27 -  ROY Prof d'Histoire-Geographie\"><!-- [et_pb_line_break_holder] --><\/p>\n<area shape=\"rect\" coords=\"366,198,406,239\" href=\"#p53\" title=\"- 28 - inconnu  \"><!-- [et_pb_line_break_holder] --><\/p>\n<area shape=\"rect\" coords=\"424,198,464,239\" href=\"#p54\" title=\"- 29 - inconnu  \"><!-- [et_pb_line_break_holder] --><\/p>\n<area shape=\"rect\" coords=\"482,202,526,247\" href=\"#p55\" title=\"- 30 - Lucette GREGORIO\"><!-- [et_pb_line_break_holder] --><\/p>\n<area shape=\"rect\" coords=\"541,198,589,247\" href=\"#p56\" title=\"- 31 - inconnu  \"><!-- [et_pb_line_break_holder] --><\/map>\n<p><!-- [et_pb_line_break_holder] -->[\/et_pb_code][et_pb_text _builder_version=\u00a0\u00bb3.17.6&Prime; text_font=\u00a0\u00bb||||||||\u00a0\u00bb ul_font=\u00a0\u00bb||||||||\u00a0\u00bb header_font=\u00a0\u00bb||||||||\u00a0\u00bb header_2_font=\u00a0\u00bb||||||||\u00a0\u00bb header_2_font_size=\u00a0\u00bb17px\u00a0\u00bb custom_margin=\u00a0\u00bb-35px||\u00a0\u00bb]<\/p>\n<h2 style=\"text-align: center;\">Passez la souris sur une personne pour conna\u00eetre son identit\u00e9.<\/h2>\n<p style=\"text-align: center;\"><b>Ma m\u00e9moire d\u00e9faillante ne m&rsquo;a pas\u00a0permis de retrouver tous les noms, si vous en reconnaissez un,\u00a0<br \/><\/b><b>merci de me le\u00a0communiquer avec\u00a0son num\u00e9ro de position sur la photo \u00e0 : ag.giraud@orange.fr<\/b><\/p>\n<p>[\/et_pb_text][\/et_pb_column][\/et_pb_row][\/et_pb_section]<\/p>\n","protected":false},"excerpt":{"rendered":"<p>Coll\u00e8ge \u00ab\u00a0ROUSTAN\u00a0\u00bb 1ere modernePassez la souris sur une personne pour conna\u00eetre son identit\u00e9. Ma m\u00e9moire d\u00e9faillante ne m&rsquo;a pas\u00a0permis de retrouver tous les noms, si vous en reconnaissez un,\u00a0merci de me le\u00a0communiquer avec\u00a0son num\u00e9ro de position sur la photo \u00e0 : ag.giraud@orange.fr<\/p>\n","protected":false},"author":1,"featured_media":0,"parent":0,"menu_order":0,"comment_status":"closed","ping_status":"open","template":"","meta":{"_et_pb_use_builder":"on","_et_pb_old_content":"Voici un exemple de page. Elle est diff\u00e9rente d\u2019un article de blog, en cela qu\u2019elle restera \u00e0 la m\u00eame place, et s\u2019affichera dans le menu de navigation de votre site (en fonction de votre th\u00e8me). La plupart des gens commencent par \u00e9crire une page \u00ab\u00a0\u00c0 Propos\u00a0\u00bb qui les pr\u00e9sente aux visiteurs potentiels du site. Vous pourriez y \u00e9crire quelque chose de ce tenant\u00a0:\r\n\r\n<blockquote>Bonjour\u00a0! Je suis un m\u00e9canicien qui aspire \u00e0 devenir un acteur, et ceci est mon blog. J\u2019habite \u00e0 Bordeaux, j\u2019ai un super chien qui s\u2019appelle Russell, et j\u2019aime la vodka-ananas (ainsi que perdre mon temps \u00e0 regarder la pluie tomber).<\/blockquote>\r\n\r\n...ou bien quelque chose comme cela\u00a0:\r\n\r\n<blockquote>La soci\u00e9t\u00e9 123 Machin Truc a \u00e9t\u00e9 cr\u00e9\u00e9e en 1971, et n\u2019a cess\u00e9 de proposer au public des machins-trucs de qualit\u00e9 depuis cette ann\u00e9e. Situ\u00e9e \u00e0 Saint-Remy-en-Bouzemont-Saint-Genest-et-Isson, 123 Machin Truc emploie 2\u00a0000 personnes, et fabrique toutes sortes de bidules super pour la communaut\u00e9 bouzemontoise.<\/blockquote>\r\n\r\n\u00c9tant donn\u00e9 que vous \u00eates un nouvel utilisateur ou une nouvelle utilisatrice de WordPress, vous devriez vous rendre sur votre <a href=\"http:\/\/famille-giraud-quevillier.fr\/wp-admin\/\">tableau de bord<\/a> pour effacer la pr\u00e9sente page, et cr\u00e9er de nouvelles pages avec votre propre contenu. Amusez-vous bien\u00a0!","_et_gb_content_width":""},"yoast_head":"<!-- This site is optimized with the Yoast SEO plugin v19.13 - https:\/\/yoast.com\/wordpress\/plugins\/seo\/ -->\n<title>Coll\u00e8ge 1960-1961 - Famille Giraud Quevillier<\/title>\n<meta name=\"robots\" content=\"index, follow, max-snippet:-1, max-image-preview:large, max-video-preview:-1\" \/>\n<link rel=\"canonical\" href=\"https:\/\/famille-giraud-quevillier.fr\/index.php\/annee-college-1960\/\" \/>\n<meta property=\"og:locale\" content=\"fr_FR\" \/>\n<meta property=\"og:type\" content=\"article\" \/>\n<meta property=\"og:title\" content=\"Coll\u00e8ge 1960-1961 - Famille Giraud Quevillier\" \/>\n<meta property=\"og:description\" content=\"Coll\u00e8ge &quot;ROUSTAN&quot; 1ere modernePassez la souris sur une personne pour conna\u00eetre son identit\u00e9. Ma m\u00e9moire d\u00e9faillante ne m&#039;a pas\u00a0permis de retrouver tous les noms, si vous en reconnaissez un,\u00a0merci de me le\u00a0communiquer avec\u00a0son num\u00e9ro de position sur la photo \u00e0 : ag.giraud@orange.fr\" \/>\n<meta property=\"og:url\" content=\"https:\/\/famille-giraud-quevillier.fr\/index.php\/annee-college-1960\/\" \/>\n<meta property=\"og:site_name\" content=\"Famille Giraud Quevillier\" \/>\n<meta property=\"article:modified_time\" content=\"2018-12-04T16:21:49+00:00\" \/>\n<meta property=\"og:image\" content=\"http:\/\/famille-giraud-quevillier.fr\/wp-content\/uploads\/2018\/11\/1960_1961_1moderne-HTML.jpg\" \/>\n<meta name=\"twitter:card\" content=\"summary_large_image\" \/>\n<meta name=\"twitter:label1\" content=\"Dur\u00e9e de lecture estim\u00e9e\" \/>\n\t<meta name=\"twitter:data1\" content=\"1 minute\" \/>\n<script type=\"application\/ld+json\" class=\"yoast-schema-graph\">{\"@context\":\"https:\/\/schema.org\",\"@graph\":[{\"@type\":\"WebPage\",\"@id\":\"https:\/\/famille-giraud-quevillier.fr\/index.php\/annee-college-1960\/\",\"url\":\"https:\/\/famille-giraud-quevillier.fr\/index.php\/annee-college-1960\/\",\"name\":\"Coll\u00e8ge 1960-1961 - Famille Giraud Quevillier\",\"isPartOf\":{\"@id\":\"https:\/\/famille-giraud-quevillier.fr\/#website\"},\"datePublished\":\"2018-12-02T09:32:30+00:00\",\"dateModified\":\"2018-12-04T16:21:49+00:00\",\"breadcrumb\":{\"@id\":\"https:\/\/famille-giraud-quevillier.fr\/index.php\/annee-college-1960\/#breadcrumb\"},\"inLanguage\":\"fr-FR\",\"potentialAction\":[{\"@type\":\"ReadAction\",\"target\":[\"https:\/\/famille-giraud-quevillier.fr\/index.php\/annee-college-1960\/\"]}]},{\"@type\":\"BreadcrumbList\",\"@id\":\"https:\/\/famille-giraud-quevillier.fr\/index.php\/annee-college-1960\/#breadcrumb\",\"itemListElement\":[{\"@type\":\"ListItem\",\"position\":1,\"name\":\"Accueil\",\"item\":\"https:\/\/famille-giraud-quevillier.fr\/\"},{\"@type\":\"ListItem\",\"position\":2,\"name\":\"Coll\u00e8ge 1960-1961\"}]},{\"@type\":\"WebSite\",\"@id\":\"https:\/\/famille-giraud-quevillier.fr\/#website\",\"url\":\"https:\/\/famille-giraud-quevillier.fr\/\",\"name\":\"Famille Giraud Quevillier\",\"description\":\"Site Familliale\",\"potentialAction\":[{\"@type\":\"SearchAction\",\"target\":{\"@type\":\"EntryPoint\",\"urlTemplate\":\"https:\/\/famille-giraud-quevillier.fr\/?s={search_term_string}\"},\"query-input\":\"required name=search_term_string\"}],\"inLanguage\":\"fr-FR\"}]}<\/script>\n<!-- \/ Yoast SEO plugin. -->","yoast_head_json":{"title":"Coll\u00e8ge 1960-1961 - Famille Giraud Quevillier","robots":{"index":"index","follow":"follow","max-snippet":"max-snippet:-1","max-image-preview":"max-image-preview:large","max-video-preview":"max-video-preview:-1"},"canonical":"https:\/\/famille-giraud-quevillier.fr\/index.php\/annee-college-1960\/","og_locale":"fr_FR","og_type":"article","og_title":"Coll\u00e8ge 1960-1961 - Famille Giraud Quevillier","og_description":"Coll\u00e8ge \"ROUSTAN\" 1ere modernePassez la souris sur une personne pour conna\u00eetre son identit\u00e9. Ma m\u00e9moire d\u00e9faillante ne m'a pas\u00a0permis de retrouver tous les noms, si vous en reconnaissez un,\u00a0merci de me le\u00a0communiquer avec\u00a0son num\u00e9ro de position sur la photo \u00e0 : ag.giraud@orange.fr","og_url":"https:\/\/famille-giraud-quevillier.fr\/index.php\/annee-college-1960\/","og_site_name":"Famille Giraud Quevillier","article_modified_time":"2018-12-04T16:21:49+00:00","og_image":[{"url":"http:\/\/famille-giraud-quevillier.fr\/wp-content\/uploads\/2018\/11\/1960_1961_1moderne-HTML.jpg"}],"twitter_card":"summary_large_image","twitter_misc":{"Dur\u00e9e de lecture estim\u00e9e":"1 minute"},"schema":{"@context":"https:\/\/schema.org","@graph":[{"@type":"WebPage","@id":"https:\/\/famille-giraud-quevillier.fr\/index.php\/annee-college-1960\/","url":"https:\/\/famille-giraud-quevillier.fr\/index.php\/annee-college-1960\/","name":"Coll\u00e8ge 1960-1961 - Famille Giraud Quevillier","isPartOf":{"@id":"https:\/\/famille-giraud-quevillier.fr\/#website"},"datePublished":"2018-12-02T09:32:30+00:00","dateModified":"2018-12-04T16:21:49+00:00","breadcrumb":{"@id":"https:\/\/famille-giraud-quevillier.fr\/index.php\/annee-college-1960\/#breadcrumb"},"inLanguage":"fr-FR","potentialAction":[{"@type":"ReadAction","target":["https:\/\/famille-giraud-quevillier.fr\/index.php\/annee-college-1960\/"]}]},{"@type":"BreadcrumbList","@id":"https:\/\/famille-giraud-quevillier.fr\/index.php\/annee-college-1960\/#breadcrumb","itemListElement":[{"@type":"ListItem","position":1,"name":"Accueil","item":"https:\/\/famille-giraud-quevillier.fr\/"},{"@type":"ListItem","position":2,"name":"Coll\u00e8ge 1960-1961"}]},{"@type":"WebSite","@id":"https:\/\/famille-giraud-quevillier.fr\/#website","url":"https:\/\/famille-giraud-quevillier.fr\/","name":"Famille Giraud Quevillier","description":"Site Familliale","potentialAction":[{"@type":"SearchAction","target":{"@type":"EntryPoint","urlTemplate":"https:\/\/famille-giraud-quevillier.fr\/?s={search_term_string}"},"query-input":"required name=search_term_string"}],"inLanguage":"fr-FR"}]}},"_links":{"self":[{"href":"https:\/\/famille-giraud-quevillier.fr\/index.php\/wp-json\/wp\/v2\/pages\/343"}],"collection":[{"href":"https:\/\/famille-giraud-quevillier.fr\/index.php\/wp-json\/wp\/v2\/pages"}],"about":[{"href":"https:\/\/famille-giraud-quevillier.fr\/index.php\/wp-json\/wp\/v2\/types\/page"}],"author":[{"embeddable":true,"href":"https:\/\/famille-giraud-quevillier.fr\/index.php\/wp-json\/wp\/v2\/users\/1"}],"replies":[{"embeddable":true,"href":"https:\/\/famille-giraud-quevillier.fr\/index.php\/wp-json\/wp\/v2\/comments?post=343"}],"version-history":[{"count":4,"href":"https:\/\/famille-giraud-quevillier.fr\/index.php\/wp-json\/wp\/v2\/pages\/343\/revisions"}],"predecessor-version":[{"id":437,"href":"https:\/\/famille-giraud-quevillier.fr\/index.php\/wp-json\/wp\/v2\/pages\/343\/revisions\/437"}],"wp:attachment":[{"href":"https:\/\/famille-giraud-quevillier.fr\/index.php\/wp-json\/wp\/v2\/media?parent=343"}],"curies":[{"name":"wp","href":"https:\/\/api.w.org\/{rel}","templated":true}]}}