{"id":483,"date":"2018-12-14T10:50:30","date_gmt":"2018-12-14T09:50:30","guid":{"rendered":"http:\/\/famille-giraud-quevillier.fr\/?page_id=483"},"modified":"2022-12-08T11:00:58","modified_gmt":"2022-12-08T10:00:58","slug":"saint-martin","status":"publish","type":"page","link":"https:\/\/famille-giraud-quevillier.fr\/index.php\/saint-martin\/","title":{"rendered":"SAINT MARTIN VESUBIE"},"content":{"rendered":"<p>[et_pb_section fb_built=\u00a0\u00bb1&Prime; disabled_on=\u00a0\u00bboff|off|off\u00a0\u00bb admin_label=\u00a0\u00bbFeatured Project\u00a0\u00bb _builder_version=\u00a0\u00bb3.22&Prime; custom_padding=\u00a0\u00bb4px||28px||false|false\u00a0\u00bb][et_pb_row admin_label=\u00a0\u00bbFeatured Project\u00a0\u00bb _builder_version=\u00a0\u00bb3.25&Prime; custom_padding=\u00a0\u00bb27.3375px|0px|0|0px|false|false\u00a0\u00bb column_structure=\u00a0\u00bb1_2,1_2&Prime;][et_pb_column type=\u00a0\u00bb1_2&Prime; _builder_version=\u00a0\u00bb3.25&Prime; custom_padding=\u00a0\u00bb|||\u00a0\u00bb custom_padding__hover=\u00a0\u00bb|||\u00a0\u00bb][et_pb_text disabled_on=\u00a0\u00bboff|off|off\u00a0\u00bb admin_label=\u00a0\u00bbTitle\u00a0\u00bb _builder_version=\u00a0\u00bb3.27.4&Prime; text_font=\u00a0\u00bbMontserrat|||on|||||\u00a0\u00bb text_font_size=\u00a0\u00bb16px\u00a0\u00bb text_line_height=\u00a0\u00bb1.8em\u00a0\u00bb header_font=\u00a0\u00bbPoppins||||||||\u00a0\u00bb header_2_font=\u00a0\u00bbPoppins|600||on|||||\u00a0\u00bb header_2_font_size=\u00a0\u00bb31px\u00a0\u00bb header_2_line_height=\u00a0\u00bb1.5em\u00a0\u00bb custom_margin=\u00a0\u00bb||5px|\u00a0\u00bb animation_style=\u00a0\u00bbslide\u00a0\u00bb animation_direction=\u00a0\u00bbtop\u00a0\u00bb animation_intensity_slide=\u00a0\u00bb20%\u00a0\u00bb animation_starting_opacity=\u00a0\u00bb100%\u00a0\u00bb]<\/p>\n<h2>POUR NOUS REJOINDRE<\/h2>\n<p>[\/et_pb_text][et_pb_divider divider_weight=\u00a0\u00bb3px\u00a0\u00bb _builder_version=\u00a0\u00bb3.17.6&Prime; max_width=\u00a0\u00bb23px\u00a0\u00bb module_alignment=\u00a0\u00bbleft\u00a0\u00bb animation_style=\u00a0\u00bbslide\u00a0\u00bb animation_intensity_slide=\u00a0\u00bb20%\u00a0\u00bb animation_starting_opacity=\u00a0\u00bb100%\u00a0\u00bb locked=\u00a0\u00bboff\u00a0\u00bb][\/et_pb_divider][et_pb_text _builder_version=\u00a0\u00bb4.4.2&Prime; text_font=\u00a0\u00bbPoppins||||||||\u00a0\u00bb text_font_size=\u00a0\u00bb18px\u00a0\u00bb text_line_height=\u00a0\u00bb1.8em\u00a0\u00bb header_font=\u00a0\u00bb||||||||\u00a0\u00bb custom_margin=\u00a0\u00bb|-15px||\u00a0\u00bb animation_style=\u00a0\u00bbfade\u00a0\u00bb animation_direction=\u00a0\u00bbleft\u00a0\u00bb animation_starting_opacity=\u00a0\u00bb100%\u00a0\u00bb hover_enabled=\u00a0\u00bb0&Prime;]<\/p>\n<p><span style=\"color: #333300;\">Depuis <strong>l&rsquo;autoroute A8<\/strong>,<strong> \u00ab\u00a0La Proven\u00e7ale\u00a0\u00bb,<\/strong><\/span><br \/> <span style=\"color: #333300;\"> sortir \u00e0 <strong>Nice St Isidore<\/strong> (sortie n\u00b0 52), s&rsquo;engager sur la\u00a0<strong>Route Nationale 6202<\/strong> en direction de <strong>Digne<\/strong><\/span><br \/> <span style=\"color: #333300;\"> sur une distance de 18 Km. A la sortie du village de\u00a0 <strong>Plan du Var<\/strong>,\u00a0prendre sur la droite la <strong>Route D\u00e9partementale 2565<\/strong>, indiquant la <strong>Vall\u00e9e de la V\u00e9subie<\/strong>.\u00a0Puis sur 32 Km, parcourir les gorges de la V\u00e9subie et traverser les villages\u00a0et hameaux de Cros d&rsquo;Utelle, St Jean la Rivi\u00e8re, Le suquet, Lantosque,\u00a0Roquebilli\u00e8re pour rejoindre\u00a0<strong>Saint Martin V\u00e9subie<\/strong>.<\/span><\/p>\n<p>[\/et_pb_text][\/et_pb_column][et_pb_column type=\u00a0\u00bb1_2&Prime; _builder_version=\u00a0\u00bb3.25&Prime; custom_padding=\u00a0\u00bb|||\u00a0\u00bb custom_padding__hover=\u00a0\u00bb|||\u00a0\u00bb][et_pb_gallery gallery_ids=\u00a0\u00bb587,589&Prime; fullwidth=\u00a0\u00bbon\u00a0\u00bb _builder_version=\u00a0\u00bb3.17.6&Prime; title_font=\u00a0\u00bb||||||||\u00a0\u00bb title_text_color=\u00a0\u00bb#FFFFFF\u00a0\u00bb pagination_font=\u00a0\u00bb||||||||\u00a0\u00bb pagination_text_color=\u00a0\u00bb#FFFFFF\u00a0\u00bb max_width=\u00a0\u00bb86%\u00a0\u00bb module_alignment=\u00a0\u00bbcenter\u00a0\u00bb custom_margin=\u00a0\u00bb130px||\u00a0\u00bb][\/et_pb_gallery][et_pb_text _builder_version=\u00a0\u00bb3.27.4&Prime; text_font=\u00a0\u00bb||||||||\u00a0\u00bb header_font=\u00a0\u00bb||||||||\u00a0\u00bb custom_margin=\u00a0\u00bb0px||\u00a0\u00bb]<\/p>\n<p style=\"text-align: center;\"><span style=\"color: #333300;\">Cliquer sur la fl\u00e8che &gt; pour la carte<\/span><\/p>\n<p>[\/et_pb_text][\/et_pb_column][\/et_pb_row][et_pb_row admin_label=\u00a0\u00bbFeatured Project\u00a0\u00bb _builder_version=\u00a0\u00bb3.25&Prime; custom_padding=\u00a0\u00bb0|0px|0|0px|false|false\u00a0\u00bb column_structure=\u00a0\u00bb1_2,1_2&Prime;][et_pb_column type=\u00a0\u00bb1_2&Prime; _builder_version=\u00a0\u00bb3.25&Prime; custom_padding=\u00a0\u00bb|||\u00a0\u00bb custom_padding__hover=\u00a0\u00bb|||\u00a0\u00bb][et_pb_image src=\u00a0\u00bbhttp:\/\/famille-giraud-quevillier.fr\/wp-content\/uploads\/2019\/02\/saint-martin-vesubie_206338.jpg\u00a0\u00bb align=\u00a0\u00bbcenter\u00a0\u00bb align_tablet=\u00a0\u00bbcenter\u00a0\u00bb align_last_edited=\u00a0\u00bbon|desktop\u00a0\u00bb _builder_version=\u00a0\u00bb3.23&Prime; max_width=\u00a0\u00bb47%\u00a0\u00bb custom_margin=\u00a0\u00bb50px||\u00a0\u00bb][\/et_pb_image][\/et_pb_column][et_pb_column type=\u00a0\u00bb1_2&Prime; _builder_version=\u00a0\u00bb3.25&Prime; custom_padding=\u00a0\u00bb|||\u00a0\u00bb custom_padding__hover=\u00a0\u00bb|||\u00a0\u00bb][et_pb_text _builder_version=\u00a0\u00bb4.4.2&Prime; text_font=\u00a0\u00bbPoppins||||||||\u00a0\u00bb text_font_size=\u00a0\u00bb18px\u00a0\u00bb text_line_height=\u00a0\u00bb1.8em\u00a0\u00bb header_font=\u00a0\u00bb||||||||\u00a0\u00bb max_width=\u00a0\u00bb90%\u00a0\u00bb custom_margin=\u00a0\u00bb|||\u00a0\u00bb custom_padding=\u00a0\u00bb80px||\u00a0\u00bb animation_style=\u00a0\u00bbfade\u00a0\u00bb animation_direction=\u00a0\u00bbleft\u00a0\u00bb animation_starting_opacity=\u00a0\u00bb100%\u00a0\u00bb hover_enabled=\u00a0\u00bb0&Prime;]<\/p>\n<p><span style=\"color: #333300;\"><strong><\/strong>Un important patrimoine religieux (\u00e9glise du\u00a0<span class=\"romain\" title=\"Nombre\u00a0\u00e9crit en chiffres romains\">XVII<\/span><sup class=\"exposant\">e<\/sup>\u00a0si\u00e8cle d\u00e9di\u00e9e \u00e0 la Madone de l&rsquo;Assomption, chapelles des p\u00e9nitents noirs et blancs, chapelles votives, de rogations, et rurales) et civil (palais Gubernatis, h\u00f4tels et villas de la Belle \u00c9poque permet au visiteur de d\u00e9couvrir agr\u00e9ablement le pays.<\/span><\/p>\n<p>[\/et_pb_text][\/et_pb_column][\/et_pb_row][\/et_pb_section][et_pb_section fb_built=\u00a0\u00bb1&Prime; disabled_on=\u00a0\u00bboff|off|off\u00a0\u00bb admin_label=\u00a0\u00bbFeatured Project\u00a0\u00bb _builder_version=\u00a0\u00bb3.22&Prime; custom_padding=\u00a0\u00bb0||18px||false|false\u00a0\u00bb][et_pb_row admin_label=\u00a0\u00bbFeatured Project\u00a0\u00bb _builder_version=\u00a0\u00bb3.25&Prime; custom_padding=\u00a0\u00bb27.3375px|0px|0|0px|false|false\u00a0\u00bb][et_pb_column type=\u00a0\u00bb4_4&Prime; _builder_version=\u00a0\u00bb3.25&Prime; custom_padding=\u00a0\u00bb|||\u00a0\u00bb custom_padding__hover=\u00a0\u00bb|||\u00a0\u00bb][et_pb_text disabled_on=\u00a0\u00bboff|off|off\u00a0\u00bb admin_label=\u00a0\u00bbTitle\u00a0\u00bb _builder_version=\u00a0\u00bb3.27.4&Prime; text_font=\u00a0\u00bbMontserrat|||on|||||\u00a0\u00bb text_font_size=\u00a0\u00bb16px\u00a0\u00bb text_line_height=\u00a0\u00bb1.8em\u00a0\u00bb header_font=\u00a0\u00bb||||||||\u00a0\u00bb header_2_font=\u00a0\u00bbPoppins|600||on|||||\u00a0\u00bb header_2_font_size=\u00a0\u00bb30px\u00a0\u00bb header_2_line_height=\u00a0\u00bb1.5em\u00a0\u00bb custom_margin=\u00a0\u00bb||5px|\u00a0\u00bb animation_style=\u00a0\u00bbslide\u00a0\u00bb animation_direction=\u00a0\u00bbtop\u00a0\u00bb animation_intensity_slide=\u00a0\u00bb20%\u00a0\u00bb animation_starting_opacity=\u00a0\u00bb100%\u00a0\u00bb]<\/p>\n<h2><span><b>SAINT MARTIN DE V\u00c9SUBIE\u00a0<\/b><\/span><\/h2>\n<p>[\/et_pb_text][et_pb_divider divider_weight=\u00a0\u00bb3px\u00a0\u00bb _builder_version=\u00a0\u00bb3.17.6&Prime; max_width=\u00a0\u00bb23px\u00a0\u00bb module_alignment=\u00a0\u00bbleft\u00a0\u00bb animation_style=\u00a0\u00bbslide\u00a0\u00bb animation_intensity_slide=\u00a0\u00bb20%\u00a0\u00bb animation_starting_opacity=\u00a0\u00bb100%\u00a0\u00bb locked=\u00a0\u00bboff\u00a0\u00bb][\/et_pb_divider][et_pb_text _builder_version=\u00a0\u00bb4.4.2&Prime; text_font=\u00a0\u00bbPoppins||||||||\u00a0\u00bb text_font_size=\u00a0\u00bb16px\u00a0\u00bb text_line_height=\u00a0\u00bb1.8em\u00a0\u00bb header_font=\u00a0\u00bb||||||||\u00a0\u00bb max_width=\u00a0\u00bb90%\u00a0\u00bb custom_margin=\u00a0\u00bb|||\u00a0\u00bb animation_style=\u00a0\u00bbfade\u00a0\u00bb animation_direction=\u00a0\u00bbleft\u00a0\u00bb animation_starting_opacity=\u00a0\u00bb100%\u00a0\u00bb hover_enabled=\u00a0\u00bb0&Prime;]<\/p>\n<p><span size=\"4\" style=\"font-size: large; color: #333300;\">Deuxi\u00e8me village \u00e9lectrifi\u00e9 de France (1893), Saint-Martin-V\u00e9subie a conserv\u00e9 son usine \u00e9lectrique dans les locaux du Mus\u00e9e des traditions v\u00e9subiennes, o\u00f9 se trouvent \u00e9galement les anciens moulins communaux (<span class=\"romain\" title=\"Nombre\u00a0\u00e9crit en chiffres romains\">XV<\/span><sup class=\"exposant\">e<\/sup>\u00a0si\u00e8cle). Tous les aspects du patrimoine de la V\u00e9subie y sont pr\u00e9sent\u00e9s sur 400 m\u00b2 d&rsquo;exposition.<\/span><\/p>\n<p><span size=\"4\" style=\"font-size: large; color: #333300;\">Le Bor\u00e9on, autour de son lac (1 500 m\u00e8tres), offre \u00e9galement une grande vari\u00e9t\u00e9 de randonn\u00e9es, jusqu&rsquo;au col de Cerise (<i>Cirieigia<\/i>, 2543 m) sur la fronti\u00e8re italienne (2 heures 30 de marche). Depuis peu, le Centre Alpha pr\u00e9sente une sc\u00e9novision in\u00e9dite sur le loup, dont on peut guetter les meutes dans le sc\u00e9noparc adjacent.<\/span><\/p>\n<p><span size=\"4\" style=\"font-size: large; color: #333300;\">De Saint-Martin-V\u00e9subie peuvent \u00eatre visit\u00e9s les villages alentours de Venanson (avec sa chapelle m\u00e9di\u00e9vale peinte), de Valdeblore (son \u00e9glise de l&rsquo;An Mil), de Belv\u00e9d\u00e8re (haut lieu festif du Comt\u00e9 de Nice) et de Roquebilli\u00e8re (son \u00e9glise des Templiers).<\/span><\/p>\n<p>[\/et_pb_text][\/et_pb_column][\/et_pb_row][et_pb_row admin_label=\u00a0\u00bbFeatured Project\u00a0\u00bb _builder_version=\u00a0\u00bb3.25&Prime; custom_padding=\u00a0\u00bb3px|0px|0|0px|false|false\u00a0\u00bb column_structure=\u00a0\u00bb1_2,1_2&Prime;][et_pb_column type=\u00a0\u00bb1_2&Prime; _builder_version=\u00a0\u00bb3.25&Prime; custom_padding=\u00a0\u00bb|||\u00a0\u00bb custom_padding__hover=\u00a0\u00bb|||\u00a0\u00bb][et_pb_gallery gallery_ids=\u00a0\u00bb546,549&Prime; fullwidth=\u00a0\u00bbon\u00a0\u00bb _builder_version=\u00a0\u00bb3.17.6&Prime; max_width=\u00a0\u00bb55%\u00a0\u00bb module_alignment=\u00a0\u00bbcenter\u00a0\u00bb custom_margin=\u00a0\u00bb80px||\u00a0\u00bb][\/et_pb_gallery][\/et_pb_column][et_pb_column type=\u00a0\u00bb1_2&Prime; _builder_version=\u00a0\u00bb3.25&Prime; custom_padding=\u00a0\u00bb|||\u00a0\u00bb custom_padding__hover=\u00a0\u00bb|||\u00a0\u00bb][et_pb_text _builder_version=\u00a0\u00bb4.4.2&Prime; hover_enabled=\u00a0\u00bb0&Prime; animation_style=\u00a0\u00bbfade\u00a0\u00bb]<\/p>\n<p><span size=\"4\" style=\"font-size: large; color: #333300;\">Le sanctuaire de la Madone de Fenestre se trouve au pied du col de Fenestre (2474 m). Site\u00a0exceptionnel (1 950 m\u00e8tres), au c\u0153ur du Parc\u00a0national du Mercantour, il permet des randonn\u00e9es\u00a0jusqu&rsquo;en Italie (1 heure de marche).<\/span><\/p>\n<p><span style=\"color: #333300;\"><img decoding=\"async\" loading=\"lazy\" src=\"http:\/\/famille-giraud-quevillier.fr\/wp-content\/uploads\/2019\/02\/st__martin_statue_madone.jpg\" alt=\"\" class=\"wp-image-545 alignnone size-full\" style=\"display: block; margin-left: auto; margin-right: auto;\" width=\"104\" height=\"164\" \/><\/span><span size=\"4\" style=\"font-size: large; color: #333300;\">La tradition rappelle qu\u2019apr\u00e8s la destruction des\u00a0Templiers, le site resta abandonn\u00e9, et que les\u00a0habitants de la vall\u00e9e voisine du Gesso r\u00e9cup\u00e9r\u00e8rent\u00a0la statue pour \u00ab\u00a0la mettre en s\u00fbret\u00e9. Apr\u00e8s avoir\u00a0restaur\u00e9 la chapelle du Sanctuaire, les habitants de\u00a0Saint-Martin la leur r\u00e9clam\u00e8rent et depuis chaque\u00a0<span style=\"font-weight: 400;\">ann\u00e9e \u00e0 lieu un p\u00e8lerinage.<\/span><\/span><\/p>\n<p>[\/et_pb_text][\/et_pb_column][\/et_pb_row][et_pb_row admin_label=\u00a0\u00bbFeatured Project\u00a0\u00bb _builder_version=\u00a0\u00bb3.25&Prime; custom_padding=\u00a0\u00bb45px|0px|0|0px|false|false\u00a0\u00bb][et_pb_column type=\u00a0\u00bb4_4&Prime; _builder_version=\u00a0\u00bb3.25&Prime; custom_padding=\u00a0\u00bb|||\u00a0\u00bb custom_padding__hover=\u00a0\u00bb|||\u00a0\u00bb][et_pb_text disabled_on=\u00a0\u00bboff|off|off\u00a0\u00bb admin_label=\u00a0\u00bbTitle\u00a0\u00bb _builder_version=\u00a0\u00bb3.27.4&Prime; text_font=\u00a0\u00bbMontserrat|||on|||||\u00a0\u00bb text_font_size=\u00a0\u00bb16px\u00a0\u00bb text_line_height=\u00a0\u00bb1.8em\u00a0\u00bb header_font=\u00a0\u00bb||||||||\u00a0\u00bb header_2_font=\u00a0\u00bbPoppins|600||on|||||\u00a0\u00bb header_2_font_size=\u00a0\u00bb30px\u00a0\u00bb header_2_line_height=\u00a0\u00bb1.5em\u00a0\u00bb custom_margin=\u00a0\u00bb||5px|\u00a0\u00bb animation_style=\u00a0\u00bbslide\u00a0\u00bb animation_direction=\u00a0\u00bbtop\u00a0\u00bb animation_intensity_slide=\u00a0\u00bb20%\u00a0\u00bb animation_starting_opacity=\u00a0\u00bb100%\u00a0\u00bb]<\/p>\n<h2><span><b>UNE LOCATION DE R\u00caVE<\/b><\/span><\/h2>\n<p>[\/et_pb_text][et_pb_divider divider_weight=\u00a0\u00bb3px\u00a0\u00bb _builder_version=\u00a0\u00bb3.17.6&Prime; max_width=\u00a0\u00bb23px\u00a0\u00bb module_alignment=\u00a0\u00bbleft\u00a0\u00bb animation_style=\u00a0\u00bbslide\u00a0\u00bb animation_intensity_slide=\u00a0\u00bb20%\u00a0\u00bb animation_starting_opacity=\u00a0\u00bb100%\u00a0\u00bb locked=\u00a0\u00bboff\u00a0\u00bb][\/et_pb_divider][et_pb_text _builder_version=\u00a0\u00bb4.4.2&Prime; text_font=\u00a0\u00bbPoppins||||||||\u00a0\u00bb text_font_size=\u00a0\u00bb18px\u00a0\u00bb text_line_height=\u00a0\u00bb1.8em\u00a0\u00bb header_font=\u00a0\u00bb||||||||\u00a0\u00bb max_width=\u00a0\u00bb90%\u00a0\u00bb custom_margin=\u00a0\u00bb|||\u00a0\u00bb custom_padding=\u00a0\u00bb||\u00a0\u00bb animation_style=\u00a0\u00bbfade\u00a0\u00bb animation_direction=\u00a0\u00bbleft\u00a0\u00bb animation_starting_opacity=\u00a0\u00bb100%\u00a0\u00bb hover_enabled=\u00a0\u00bb0&Prime;]<\/p>\n<p style=\"font-weight: 400;\">Appartement de deux pi\u00e8ces en RDC\u00a0 d&rsquo;un coquet chalet, pour 3 personnes, avec\u00a0 jardin, possibilit\u00e9 de garer 1 \u00e0 2 v\u00e9hicules. Douche, lave linge, micro- ondes, nos amis les animaux ne sont pas accept\u00e9s.<\/p>\n<p style=\"font-weight: 400;\">\u00a0A 4 Km du village sur la route du Bor\u00e9on.<\/p>\n<p style=\"font-weight: 400;\">Location en juin, juillet, ao\u00fbt, septembre,<br \/> 400 \u20ac la semaine.<br \/> 780 \u20ac la quinzaine.<br \/> <span style=\"font-weight: 400;\">1 100 \u20ac\u00a0 3 semaines,<br \/> 1 440 \u20ac le mois.<\/span><\/p>\n<p style=\"font-weight: 400;\"><span style=\"font-weight: 400;\"><\/span><\/p>\n<p style=\"font-weight: 400;\"><span style=\"font-weight: 400;\"><span><\/span><\/span><\/p>\n<p style=\"font-weight: 400;\"><span style=\"font-weight: 400;\"><span>Cliquez sur le lien ci-dessous pour connaitre les disponibilit\u00e9s de l&rsquo;appartement<br \/> <\/span><\/span><span style=\"font-weight: 400;\"><span><a href=\"https:\/\/www.amivac.com\/location-vacances\/annonce-91944198?nbVacs=2\">https:\/\/www.amivac.com\/location-vacances\/annonce-91944198?nbVacs=2<\/a><\/span><\/span><\/p>\n<p>[\/et_pb_text][et_pb_image src=\u00a0\u00bbhttp:\/\/famille-giraud-quevillier.fr\/wp-content\/uploads\/2019\/02\/Amivac.png\u00a0\u00bb url=\u00a0\u00bbhttps:\/\/www.amivac.com\/location-vacances\/annonce-91944198?nbVacs=2&Prime; url_new_window=\u00a0\u00bbon\u00a0\u00bb align=\u00a0\u00bbcenter\u00a0\u00bb align_tablet=\u00a0\u00bbcenter\u00a0\u00bb align_last_edited=\u00a0\u00bbon|desktop\u00a0\u00bb _builder_version=\u00a0\u00bb3.23&Prime; max_width=\u00a0\u00bb18%\u00a0\u00bb module_alignment=\u00a0\u00bbleft\u00a0\u00bb custom_margin=\u00a0\u00bb-20px||50px\u00a0\u00bb][\/et_pb_image][\/et_pb_column][\/et_pb_row][et_pb_row _builder_version=\u00a0\u00bb3.25&Prime;][et_pb_column type=\u00a0\u00bb4_4&Prime; _builder_version=\u00a0\u00bb3.25&Prime; custom_padding=\u00a0\u00bb|||\u00a0\u00bb custom_padding__hover=\u00a0\u00bb|||\u00a0\u00bb][et_pb_gallery gallery_ids=\u00a0\u00bb559,560,562,563,564,566,565,561,571,572,573&Prime; posts_number=\u00a0\u00bb8&Prime; orientation=\u00a0\u00bbportrait\u00a0\u00bb show_title_and_caption=\u00a0\u00bboff\u00a0\u00bb zoom_icon_color=\u00a0\u00bb#000000&Prime; hover_overlay_color=\u00a0\u00bb#000000&Prime; _builder_version=\u00a0\u00bb3.17.6&Prime; pagination_font=\u00a0\u00bb||||||||\u00a0\u00bb][\/et_pb_gallery][\/et_pb_column][\/et_pb_row][\/et_pb_section]<\/p>\n","protected":false},"excerpt":{"rendered":"<p>POUR NOUS REJOINDREDepuis l&rsquo;autoroute A8, \u00ab\u00a0La Proven\u00e7ale\u00a0\u00bb, sortir \u00e0 Nice St Isidore (sortie n\u00b0 52), s&rsquo;engager sur la\u00a0Route Nationale 6202 en direction de Digne sur une distance de 18 Km. A la sortie du village de\u00a0 Plan du Var,\u00a0prendre sur la droite la Route D\u00e9partementale 2565, indiquant la Vall\u00e9e de la V\u00e9subie.\u00a0Puis sur 32 Km, [&hellip;]<\/p>\n","protected":false},"author":1,"featured_media":0,"parent":0,"menu_order":0,"comment_status":"closed","ping_status":"open","template":"","meta":{"_et_pb_use_builder":"on","_et_pb_old_content":"","_et_gb_content_width":""},"yoast_head":"<!-- This site is optimized with the Yoast SEO plugin v19.13 - https:\/\/yoast.com\/wordpress\/plugins\/seo\/ -->\n<title>SAINT MARTIN VESUBIE - Famille Giraud Quevillier<\/title>\n<meta name=\"robots\" content=\"index, follow, max-snippet:-1, max-image-preview:large, max-video-preview:-1\" \/>\n<link rel=\"canonical\" href=\"https:\/\/famille-giraud-quevillier.fr\/index.php\/saint-martin\/\" \/>\n<meta property=\"og:locale\" content=\"fr_FR\" \/>\n<meta property=\"og:type\" content=\"article\" \/>\n<meta property=\"og:title\" content=\"SAINT MARTIN VESUBIE - Famille Giraud Quevillier\" \/>\n<meta property=\"og:description\" content=\"POUR NOUS REJOINDREDepuis l&#039;autoroute A8, &quot;La Proven\u00e7ale&quot;, sortir \u00e0 Nice St Isidore (sortie n\u00b0 52), s&#039;engager sur la\u00a0Route Nationale 6202 en direction de Digne sur une distance de 18 Km. A la sortie du village de\u00a0 Plan du Var,\u00a0prendre sur la droite la Route D\u00e9partementale 2565, indiquant la Vall\u00e9e de la V\u00e9subie.\u00a0Puis sur 32 Km, [&hellip;]\" \/>\n<meta property=\"og:url\" content=\"https:\/\/famille-giraud-quevillier.fr\/index.php\/saint-martin\/\" \/>\n<meta property=\"og:site_name\" content=\"Famille Giraud Quevillier\" \/>\n<meta property=\"article:modified_time\" content=\"2022-12-08T10:00:58+00:00\" \/>\n<meta property=\"og:image\" content=\"http:\/\/famille-giraud-quevillier.fr\/wp-content\/uploads\/2019\/02\/st__martin_statue_madone.jpg\" \/>\n<meta name=\"twitter:card\" content=\"summary_large_image\" \/>\n<meta name=\"twitter:label1\" content=\"Dur\u00e9e de lecture estim\u00e9e\" \/>\n\t<meta name=\"twitter:data1\" content=\"7 minutes\" \/>\n<script type=\"application\/ld+json\" class=\"yoast-schema-graph\">{\"@context\":\"https:\/\/schema.org\",\"@graph\":[{\"@type\":\"WebPage\",\"@id\":\"https:\/\/famille-giraud-quevillier.fr\/index.php\/saint-martin\/\",\"url\":\"https:\/\/famille-giraud-quevillier.fr\/index.php\/saint-martin\/\",\"name\":\"SAINT MARTIN VESUBIE - Famille Giraud Quevillier\",\"isPartOf\":{\"@id\":\"https:\/\/famille-giraud-quevillier.fr\/#website\"},\"datePublished\":\"2018-12-14T09:50:30+00:00\",\"dateModified\":\"2022-12-08T10:00:58+00:00\",\"breadcrumb\":{\"@id\":\"https:\/\/famille-giraud-quevillier.fr\/index.php\/saint-martin\/#breadcrumb\"},\"inLanguage\":\"fr-FR\",\"potentialAction\":[{\"@type\":\"ReadAction\",\"target\":[\"https:\/\/famille-giraud-quevillier.fr\/index.php\/saint-martin\/\"]}]},{\"@type\":\"BreadcrumbList\",\"@id\":\"https:\/\/famille-giraud-quevillier.fr\/index.php\/saint-martin\/#breadcrumb\",\"itemListElement\":[{\"@type\":\"ListItem\",\"position\":1,\"name\":\"Accueil\",\"item\":\"https:\/\/famille-giraud-quevillier.fr\/\"},{\"@type\":\"ListItem\",\"position\":2,\"name\":\"SAINT MARTIN VESUBIE\"}]},{\"@type\":\"WebSite\",\"@id\":\"https:\/\/famille-giraud-quevillier.fr\/#website\",\"url\":\"https:\/\/famille-giraud-quevillier.fr\/\",\"name\":\"Famille Giraud Quevillier\",\"description\":\"Site Familliale\",\"potentialAction\":[{\"@type\":\"SearchAction\",\"target\":{\"@type\":\"EntryPoint\",\"urlTemplate\":\"https:\/\/famille-giraud-quevillier.fr\/?s={search_term_string}\"},\"query-input\":\"required name=search_term_string\"}],\"inLanguage\":\"fr-FR\"}]}<\/script>\n<!-- \/ Yoast SEO plugin. -->","yoast_head_json":{"title":"SAINT MARTIN VESUBIE - Famille Giraud Quevillier","robots":{"index":"index","follow":"follow","max-snippet":"max-snippet:-1","max-image-preview":"max-image-preview:large","max-video-preview":"max-video-preview:-1"},"canonical":"https:\/\/famille-giraud-quevillier.fr\/index.php\/saint-martin\/","og_locale":"fr_FR","og_type":"article","og_title":"SAINT MARTIN VESUBIE - Famille Giraud Quevillier","og_description":"POUR NOUS REJOINDREDepuis l'autoroute A8, \"La Proven\u00e7ale\", sortir \u00e0 Nice St Isidore (sortie n\u00b0 52), s'engager sur la\u00a0Route Nationale 6202 en direction de Digne sur une distance de 18 Km. A la sortie du village de\u00a0 Plan du Var,\u00a0prendre sur la droite la Route D\u00e9partementale 2565, indiquant la Vall\u00e9e de la V\u00e9subie.\u00a0Puis sur 32 Km, [&hellip;]","og_url":"https:\/\/famille-giraud-quevillier.fr\/index.php\/saint-martin\/","og_site_name":"Famille Giraud Quevillier","article_modified_time":"2022-12-08T10:00:58+00:00","og_image":[{"url":"http:\/\/famille-giraud-quevillier.fr\/wp-content\/uploads\/2019\/02\/st__martin_statue_madone.jpg"}],"twitter_card":"summary_large_image","twitter_misc":{"Dur\u00e9e de lecture estim\u00e9e":"7 minutes"},"schema":{"@context":"https:\/\/schema.org","@graph":[{"@type":"WebPage","@id":"https:\/\/famille-giraud-quevillier.fr\/index.php\/saint-martin\/","url":"https:\/\/famille-giraud-quevillier.fr\/index.php\/saint-martin\/","name":"SAINT MARTIN VESUBIE - Famille Giraud Quevillier","isPartOf":{"@id":"https:\/\/famille-giraud-quevillier.fr\/#website"},"datePublished":"2018-12-14T09:50:30+00:00","dateModified":"2022-12-08T10:00:58+00:00","breadcrumb":{"@id":"https:\/\/famille-giraud-quevillier.fr\/index.php\/saint-martin\/#breadcrumb"},"inLanguage":"fr-FR","potentialAction":[{"@type":"ReadAction","target":["https:\/\/famille-giraud-quevillier.fr\/index.php\/saint-martin\/"]}]},{"@type":"BreadcrumbList","@id":"https:\/\/famille-giraud-quevillier.fr\/index.php\/saint-martin\/#breadcrumb","itemListElement":[{"@type":"ListItem","position":1,"name":"Accueil","item":"https:\/\/famille-giraud-quevillier.fr\/"},{"@type":"ListItem","position":2,"name":"SAINT MARTIN VESUBIE"}]},{"@type":"WebSite","@id":"https:\/\/famille-giraud-quevillier.fr\/#website","url":"https:\/\/famille-giraud-quevillier.fr\/","name":"Famille Giraud Quevillier","description":"Site Familliale","potentialAction":[{"@type":"SearchAction","target":{"@type":"EntryPoint","urlTemplate":"https:\/\/famille-giraud-quevillier.fr\/?s={search_term_string}"},"query-input":"required name=search_term_string"}],"inLanguage":"fr-FR"}]}},"_links":{"self":[{"href":"https:\/\/famille-giraud-quevillier.fr\/index.php\/wp-json\/wp\/v2\/pages\/483"}],"collection":[{"href":"https:\/\/famille-giraud-quevillier.fr\/index.php\/wp-json\/wp\/v2\/pages"}],"about":[{"href":"https:\/\/famille-giraud-quevillier.fr\/index.php\/wp-json\/wp\/v2\/types\/page"}],"author":[{"embeddable":true,"href":"https:\/\/famille-giraud-quevillier.fr\/index.php\/wp-json\/wp\/v2\/users\/1"}],"replies":[{"embeddable":true,"href":"https:\/\/famille-giraud-quevillier.fr\/index.php\/wp-json\/wp\/v2\/comments?post=483"}],"version-history":[{"count":24,"href":"https:\/\/famille-giraud-quevillier.fr\/index.php\/wp-json\/wp\/v2\/pages\/483\/revisions"}],"predecessor-version":[{"id":1080,"href":"https:\/\/famille-giraud-quevillier.fr\/index.php\/wp-json\/wp\/v2\/pages\/483\/revisions\/1080"}],"wp:attachment":[{"href":"https:\/\/famille-giraud-quevillier.fr\/index.php\/wp-json\/wp\/v2\/media?parent=483"}],"curies":[{"name":"wp","href":"https:\/\/api.w.org\/{rel}","templated":true}]}}