{"id":918,"date":"2019-04-27T10:57:37","date_gmt":"2019-04-27T08:57:37","guid":{"rendered":"http:\/\/famille-giraud-quevillier.fr\/?page_id=918"},"modified":"2022-12-13T14:40:12","modified_gmt":"2022-12-13T13:40:12","slug":"le-port","status":"publish","type":"page","link":"https:\/\/famille-giraud-quevillier.fr\/index.php\/le-port\/","title":{"rendered":"LE PORT"},"content":{"rendered":"<p>[et_pb_section fb_built=\u00a0\u00bb1&Prime; _builder_version=\u00a0\u00bb4.16&Prime; global_colors_info=\u00a0\u00bb{}\u00a0\u00bb][et_pb_row _builder_version=\u00a0\u00bb4.19.2&Prime; _module_preset=\u00a0\u00bbdefault\u00a0\u00bb global_colors_info=\u00a0\u00bb{}\u00a0\u00bb][et_pb_column type=\u00a0\u00bb4_4&Prime; _builder_version=\u00a0\u00bb4.19.2&Prime; _module_preset=\u00a0\u00bbdefault\u00a0\u00bb global_colors_info=\u00a0\u00bb{}\u00a0\u00bb][dsm_before_after_image before_src=\u00a0\u00bbhttps:\/\/famille-giraud-quevillier.fr\/wp-content\/uploads\/2019\/04\/Port-Vauban1.jpg\u00a0\u00bb after_src=\u00a0\u00bbhttps:\/\/famille-giraud-quevillier.fr\/wp-content\/uploads\/2019\/04\/port-vauban-20018.jpg\u00a0\u00bb _builder_version=\u00a0\u00bb4.19.2&Prime; _module_preset=\u00a0\u00bbdefault\u00a0\u00bb hover_enabled=\u00a0\u00bb0&Prime; global_colors_info=\u00a0\u00bb{}\u00a0\u00bb before_alt=\u00a0\u00bbHier\u00a0\u00bb after_alt=\u00a0\u00bbAujourd&rsquo;hui\u00a0\u00bb before_label_text=\u00a0\u00bbHier\u00a0\u00bb after_label_text=\u00a0\u00bbAujourd&rsquo;hui\u00a0\u00bb no_overlay=\u00a0\u00bbon\u00a0\u00bb move_slider_on_hover=\u00a0\u00bbon\u00a0\u00bb sticky_enabled=\u00a0\u00bb0&Prime;][\/dsm_before_after_image][\/et_pb_column][\/et_pb_row][\/et_pb_section][et_pb_section fb_built=\u00a0\u00bb1&Prime; disabled_on=\u00a0\u00bboff|off|off\u00a0\u00bb admin_label=\u00a0\u00bbFeatured Project\u00a0\u00bb _builder_version=\u00a0\u00bb4.16&Prime; custom_padding=\u00a0\u00bb4px||28px||false|false\u00a0\u00bb global_colors_info=\u00a0\u00bb{}\u00a0\u00bb][et_pb_row column_structure=\u00a0\u00bb1_2,1_2&Prime; admin_label=\u00a0\u00bbFeatured Project\u00a0\u00bb _builder_version=\u00a0\u00bb4.16&Prime; custom_padding=\u00a0\u00bb27.3375px|0px|0|0px|false|false\u00a0\u00bb global_colors_info=\u00a0\u00bb{}\u00a0\u00bb][et_pb_column type=\u00a0\u00bb1_2&Prime; _builder_version=\u00a0\u00bb4.16&Prime; custom_padding=\u00a0\u00bb|||\u00a0\u00bb global_colors_info=\u00a0\u00bb{}\u00a0\u00bb custom_padding__hover=\u00a0\u00bb|||\u00a0\u00bb][et_pb_text _builder_version=\u00a0\u00bb4.19.2&Prime; text_font=\u00a0\u00bbPoppins||||||||\u00a0\u00bb text_font_size=\u00a0\u00bb16px\u00a0\u00bb text_line_height=\u00a0\u00bb1.8em\u00a0\u00bb header_font=\u00a0\u00bb||||||||\u00a0\u00bb max_width=\u00a0\u00bb90%\u00a0\u00bb custom_margin=\u00a0\u00bb43px||-9px||false|\u00a0\u00bb custom_padding=\u00a0\u00bb0px||\u00a0\u00bb animation_style=\u00a0\u00bbfade\u00a0\u00bb animation_direction=\u00a0\u00bbleft\u00a0\u00bb animation_starting_opacity=\u00a0\u00bb100%\u00a0\u00bb global_colors_info=\u00a0\u00bb{}\u00a0\u00bb]<\/p>\n<p style=\"text-align: left;\"><strong> HIER<\/strong><\/p>\n<p><span style=\"color: #333300;\">La rade d&rsquo;Antibes a attir\u00e9 les Grecs au V<sup>e<\/sup>\u00a0si\u00e8cle av. J.-C., entre le site actuel du <a href=\"https:\/\/fr.wikipedia.org\/wiki\/Fort_Carr%C3%A9\" style=\"color: #333300;\">Fort Carr\u00e9<\/a> et le site de la vieille ville. Le littoral antique a \u00e9t\u00e9 modifi\u00e9, sous l&rsquo;effet de l&rsquo;action du Var, de la Brague et des courants c\u00f4tiers.<\/span><\/p>\n<p><span style=\"color: #333300;\">Il subsistait, \u00e0 c\u00f4t\u00e9 de la chapelle Saint-Roch, un monument ma\u00e7onn\u00e9 antique appel\u00e9 <em>Table Saint-Roch<\/em> qui a disparue \u00e0 la cr\u00e9ation du port Vauban en 1970, \u00a0les recherches sous-marines ont montr\u00e9 qu&rsquo;il \u00e9tait plac\u00e9 \u00e0 c\u00f4t\u00e9 d&rsquo;\u00e9l\u00e9ments d&rsquo;un quai romain.<\/span>[\/et_pb_text][\/et_pb_column][et_pb_column type=\u00a0\u00bb1_2&Prime; _builder_version=\u00a0\u00bb4.16&Prime; custom_padding=\u00a0\u00bb|||\u00a0\u00bb global_colors_info=\u00a0\u00bb{}\u00a0\u00bb custom_padding__hover=\u00a0\u00bb|||\u00a0\u00bb][et_pb_image src=\u00a0\u00bbhttp:\/\/famille-giraud-quevillier.fr\/wp-content\/uploads\/2019\/02\/antibes-hier.jpg\u00a0\u00bb show_in_lightbox=\u00a0\u00bbon\u00a0\u00bb align=\u00a0\u00bbcenter\u00a0\u00bb force_fullwidth=\u00a0\u00bbon\u00a0\u00bb align_tablet=\u00a0\u00bbcenter\u00a0\u00bb align_phone=\u00a0\u00bb\u00a0\u00bb align_last_edited=\u00a0\u00bbon|desktop\u00a0\u00bb _builder_version=\u00a0\u00bb4.16&Prime; custom_margin=\u00a0\u00bb50px||\u00a0\u00bb global_colors_info=\u00a0\u00bb{}\u00a0\u00bb]<br \/>\n[\/et_pb_image][\/et_pb_column][\/et_pb_row][et_pb_row column_structure=\u00a0\u00bb1_2,1_2&Prime; _builder_version=\u00a0\u00bb4.16&Prime; custom_margin=\u00a0\u00bb||50px\u00a0\u00bb custom_padding=\u00a0\u00bb28px|0px|0|0px|false|false\u00a0\u00bb global_colors_info=\u00a0\u00bb{}\u00a0\u00bb][et_pb_column type=\u00a0\u00bb1_2&Prime; _builder_version=\u00a0\u00bb4.16&Prime; custom_padding=\u00a0\u00bb|||\u00a0\u00bb global_colors_info=\u00a0\u00bb{}\u00a0\u00bb custom_padding__hover=\u00a0\u00bb|||\u00a0\u00bb][et_pb_image src=\u00a0\u00bbhttp:\/\/famille-giraud-quevillier.fr\/wp-content\/uploads\/2019\/04\/port-p\u00eacheurs-1905.jpg\u00a0\u00bb show_in_lightbox=\u00a0\u00bbon\u00a0\u00bb align_tablet=\u00a0\u00bbcenter\u00a0\u00bb align_phone=\u00a0\u00bb\u00a0\u00bb align_last_edited=\u00a0\u00bbon|desktop\u00a0\u00bb admin_label=\u00a0\u00bbP\u00eacheurs sur le port (collection GG)\u00a0\u00bb _builder_version=\u00a0\u00bb4.16&Prime; global_colors_info=\u00a0\u00bb{}\u00a0\u00bb]<br \/>\n[\/et_pb_image][et_pb_text _builder_version=\u00a0\u00bb4.16&Prime; text_font=\u00a0\u00bb||||||||\u00a0\u00bb text_font_size=\u00a0\u00bb16px\u00a0\u00bb text_line_height=\u00a0\u00bb1em\u00a0\u00bb header_font=\u00a0\u00bb||||||||\u00a0\u00bb header_font_size=\u00a0\u00bb26px\u00a0\u00bb header_line_height=\u00a0\u00bb3em\u00a0\u00bb max_width=\u00a0\u00bb94%\u00a0\u00bb custom_margin=\u00a0\u00bb-37px||||false\u00a0\u00bb global_colors_info=\u00a0\u00bb{}\u00a0\u00bb]<\/p>\n<p><span style=\"color: #333300;\">P\u00eacheurs sur le port (1905)<br \/> <\/span><\/p>\n<h5><span style=\"color: #333300;\"><span style=\"font-size: small;\">vue a\u00e9rienne et cartes postales: Collection GG<\/span> <\/span><br \/> <span style=\"color: #333300;\"><\/span><\/h5>\n<p>[\/et_pb_text][\/et_pb_column][et_pb_column type=\u00a0\u00bb1_2&Prime; _builder_version=\u00a0\u00bb4.16&Prime; custom_padding=\u00a0\u00bb|||\u00a0\u00bb global_colors_info=\u00a0\u00bb{}\u00a0\u00bb custom_padding__hover=\u00a0\u00bb|||\u00a0\u00bb][et_pb_image src=\u00a0\u00bbhttp:\/\/famille-giraud-quevillier.fr\/wp-content\/uploads\/2019\/04\/port-vauban-3-1905.jpg\u00a0\u00bb show_in_lightbox=\u00a0\u00bbon\u00a0\u00bb align_tablet=\u00a0\u00bbcenter\u00a0\u00bb align_phone=\u00a0\u00bb\u00a0\u00bb align_last_edited=\u00a0\u00bbon|desktop\u00a0\u00bb _builder_version=\u00a0\u00bb4.16&Prime; global_colors_info=\u00a0\u00bb{}\u00a0\u00bb]<br \/>\n[\/et_pb_image][et_pb_text _builder_version=\u00a0\u00bb4.16&Prime; custom_margin=\u00a0\u00bb-40px||\u00a0\u00bb global_colors_info=\u00a0\u00bb{}\u00a0\u00bb]<\/p>\n<p><span style=\"color: #333300;\">Vue du port et des hangars, au fond \u00e0 gauche, on aper\u00e7oit la chapelle St. Roch (1905) .<\/span><\/p>\n<p>[\/et_pb_text][\/et_pb_column][\/et_pb_row][et_pb_row column_structure=\u00a0\u00bb1_2,1_2&Prime; admin_label=\u00a0\u00bbFeatured Project\u00a0\u00bb _builder_version=\u00a0\u00bb4.16&Prime; custom_padding=\u00a0\u00bb0|0px|0|0px|false|false\u00a0\u00bb global_colors_info=\u00a0\u00bb{}\u00a0\u00bb][et_pb_column type=\u00a0\u00bb1_2&Prime; _builder_version=\u00a0\u00bb4.16&Prime; custom_padding=\u00a0\u00bb|||\u00a0\u00bb global_colors_info=\u00a0\u00bb{}\u00a0\u00bb custom_padding__hover=\u00a0\u00bb|||\u00a0\u00bb][et_pb_image src=\u00a0\u00bbhttp:\/\/famille-giraud-quevillier.fr\/wp-content\/uploads\/2019\/02\/Port-Vauban-382px.jpg\u00a0\u00bb align=\u00a0\u00bbcenter\u00a0\u00bb force_fullwidth=\u00a0\u00bbon\u00a0\u00bb align_tablet=\u00a0\u00bbcenter\u00a0\u00bb align_phone=\u00a0\u00bb\u00a0\u00bb align_last_edited=\u00a0\u00bbon|desktop\u00a0\u00bb _builder_version=\u00a0\u00bb4.16&Prime; custom_margin=\u00a0\u00bb50px||\u00a0\u00bb global_colors_info=\u00a0\u00bb{}\u00a0\u00bb]<br \/>\n[\/et_pb_image][\/et_pb_column][et_pb_column type=\u00a0\u00bb1_2&Prime; _builder_version=\u00a0\u00bb4.16&Prime; custom_padding=\u00a0\u00bb|||\u00a0\u00bb global_colors_info=\u00a0\u00bb{}\u00a0\u00bb custom_padding__hover=\u00a0\u00bb|||\u00a0\u00bb][et_pb_text _builder_version=\u00a0\u00bb4.16&Prime; text_font=\u00a0\u00bbPoppins||||||||\u00a0\u00bb text_font_size=\u00a0\u00bb16px\u00a0\u00bb text_line_height=\u00a0\u00bb1.8em\u00a0\u00bb header_font=\u00a0\u00bb||||||||\u00a0\u00bb max_width=\u00a0\u00bb90%\u00a0\u00bb custom_margin=\u00a0\u00bb-20px|||\u00a0\u00bb custom_padding=\u00a0\u00bb80px||\u00a0\u00bb animation_style=\u00a0\u00bbfade\u00a0\u00bb animation_direction=\u00a0\u00bbleft\u00a0\u00bb animation_starting_opacity=\u00a0\u00bb100%\u00a0\u00bb global_colors_info=\u00a0\u00bb{}\u00a0\u00bb]<\/p>\n<p><strong>AUJOURD&rsquo;HUI<\/strong><\/p>\n<p><span style=\"color: #333300;\">Le port Vauban, inaugur\u00e9 en 1971, s&rsquo;est vu d\u00e9cerner l&rsquo;un des douze premiers pavillons bleus des ports d&rsquo;Europe. Avec 1650 anneaux, plus de 10 000 m2 d&rsquo;aire de car\u00e9nage, une capitainerie dot\u00e9e d&rsquo;un h\u00e9liport, le port Vauban est l&rsquo;un des plus grands ports de plaisance europ\u00e9ens. En 1986, le Quai des Milliardaires fut inaugur\u00e9 afin d&rsquo;accueillir les plus grosses unit\u00e9s de plaisance du monde.<\/span><\/p>\n<p><span style=\"color: #333300;\">\u00a0<\/span><\/p>\n<p>[\/et_pb_text][\/et_pb_column][\/et_pb_row][\/et_pb_section]<\/p>\n","protected":false},"excerpt":{"rendered":"<p><div class=\"et_pb_module dsm_before_after_image dsm_before_after_image_0\">\n\t\t\t\t\n\t\t\t\t\n\t\t\t\t\n\t\t\t\t\n\t\t\t\t\n\t\t\t\t\n\t\t\t\t<div class=\"et_pb_module_inner\">\n\t\t\t\t\t<div class=\"dsm_before_after_image_wrapper\" data-params=[{\"offset\":\"0.5\",\"orientation\":\"horizontal\",\"overlay\":true,\"hover\":true,\"handle\":true,\"click\":false}]>\n\t\t\t\t\n\t\t\t\t\n\t\t\t\t<img src=\"https:\/\/famille-giraud-quevillier.fr\/wp-content\/uploads\/2019\/04\/Port-Vauban1.jpg\" alt=\"Hier\" title=\"\" srcset=\"https:\/\/famille-giraud-quevillier.fr\/wp-content\/uploads\/2019\/04\/Port-Vauban1.jpg 832w, https:\/\/famille-giraud-quevillier.fr\/wp-content\/uploads\/2019\/04\/Port-Vauban1-300x192.jpg 300w, https:\/\/famille-giraud-quevillier.fr\/wp-content\/uploads\/2019\/04\/Port-Vauban1-768x491.jpg 768w\" sizes=\"(max-width: 832px) 100vw, 832px\" class=\"skip-lazy\" \/><img src=\"https:\/\/famille-giraud-quevillier.fr\/wp-content\/uploads\/2019\/04\/port-vauban-20018.jpg\" alt=\"Aujourd&#039;hui\" title=\"\" srcset=\"https:\/\/famille-giraud-quevillier.fr\/wp-content\/uploads\/2019\/04\/port-vauban-20018.jpg 2560w, https:\/\/famille-giraud-quevillier.fr\/wp-content\/uploads\/2019\/04\/port-vauban-20018-300x225.jpg 300w, https:\/\/famille-giraud-quevillier.fr\/wp-content\/uploads\/2019\/04\/port-vauban-20018-1024x768.jpg 1024w, https:\/\/famille-giraud-quevillier.fr\/wp-content\/uploads\/2019\/04\/port-vauban-20018-768x576.jpg 768w, https:\/\/famille-giraud-quevillier.fr\/wp-content\/uploads\/2019\/04\/port-vauban-20018-1536x1152.jpg 1536w, https:\/\/famille-giraud-quevillier.fr\/wp-content\/uploads\/2019\/04\/port-vauban-20018-2048x1536.jpg 2048w, https:\/\/famille-giraud-quevillier.fr\/wp-content\/uploads\/2019\/04\/port-vauban-20018-1080x810.jpg 1080w\" sizes=\"(max-width: 2560px) 100vw, 2560px\" class=\"skip-lazy\" \/>\n\t\t\t<\/div>\n\t\t\t\t<\/div>\n\t\t\t<\/div> HIER La rade d&rsquo;Antibes a attir\u00e9 les Grecs au Ve\u00a0si\u00e8cle av. J.-C., entre le site actuel du Fort Carr\u00e9 et le site de la vieille ville. Le littoral antique a \u00e9t\u00e9 modifi\u00e9, sous l&rsquo;effet de l&rsquo;action du Var, de la Brague [&hellip;]<\/p>\n","protected":false},"author":1,"featured_media":0,"parent":0,"menu_order":0,"comment_status":"closed","ping_status":"closed","template":"","meta":{"_et_pb_use_builder":"on","_et_pb_old_content":"<!-- wp:gallery -->\n<ul class=\"wp-block-gallery columns-0 is-cropped\"><\/ul>\n<!-- \/wp:gallery -->\n\n<!-- wp:file \/-->","_et_gb_content_width":""},"yoast_head":"<!-- This site is optimized with the Yoast SEO plugin v19.13 - https:\/\/yoast.com\/wordpress\/plugins\/seo\/ -->\n<title>LE PORT - Famille Giraud Quevillier<\/title>\n<meta name=\"robots\" content=\"index, follow, max-snippet:-1, max-image-preview:large, max-video-preview:-1\" \/>\n<link rel=\"canonical\" href=\"https:\/\/famille-giraud-quevillier.fr\/index.php\/le-port\/\" \/>\n<meta property=\"og:locale\" content=\"fr_FR\" \/>\n<meta property=\"og:type\" content=\"article\" \/>\n<meta property=\"og:title\" content=\"LE PORT - Famille Giraud Quevillier\" \/>\n<meta property=\"og:description\" content=\"HIER La rade d&#039;Antibes a attir\u00e9 les Grecs au Ve\u00a0si\u00e8cle av. J.-C., entre le site actuel du Fort Carr\u00e9 et le site de la vieille ville. Le littoral antique a \u00e9t\u00e9 modifi\u00e9, sous l&#039;effet de l&#039;action du Var, de la Brague [&hellip;]\" \/>\n<meta property=\"og:url\" content=\"https:\/\/famille-giraud-quevillier.fr\/index.php\/le-port\/\" \/>\n<meta property=\"og:site_name\" content=\"Famille Giraud Quevillier\" \/>\n<meta property=\"article:modified_time\" content=\"2022-12-13T13:40:12+00:00\" \/>\n<meta name=\"twitter:card\" content=\"summary_large_image\" \/>\n<meta name=\"twitter:label1\" content=\"Dur\u00e9e de lecture estim\u00e9e\" \/>\n\t<meta name=\"twitter:data1\" content=\"4 minutes\" \/>\n<script type=\"application\/ld+json\" class=\"yoast-schema-graph\">{\"@context\":\"https:\/\/schema.org\",\"@graph\":[{\"@type\":\"WebPage\",\"@id\":\"https:\/\/famille-giraud-quevillier.fr\/index.php\/le-port\/\",\"url\":\"https:\/\/famille-giraud-quevillier.fr\/index.php\/le-port\/\",\"name\":\"LE PORT - Famille Giraud Quevillier\",\"isPartOf\":{\"@id\":\"https:\/\/famille-giraud-quevillier.fr\/#website\"},\"datePublished\":\"2019-04-27T08:57:37+00:00\",\"dateModified\":\"2022-12-13T13:40:12+00:00\",\"breadcrumb\":{\"@id\":\"https:\/\/famille-giraud-quevillier.fr\/index.php\/le-port\/#breadcrumb\"},\"inLanguage\":\"fr-FR\",\"potentialAction\":[{\"@type\":\"ReadAction\",\"target\":[\"https:\/\/famille-giraud-quevillier.fr\/index.php\/le-port\/\"]}]},{\"@type\":\"BreadcrumbList\",\"@id\":\"https:\/\/famille-giraud-quevillier.fr\/index.php\/le-port\/#breadcrumb\",\"itemListElement\":[{\"@type\":\"ListItem\",\"position\":1,\"name\":\"Accueil\",\"item\":\"https:\/\/famille-giraud-quevillier.fr\/\"},{\"@type\":\"ListItem\",\"position\":2,\"name\":\"LE PORT\"}]},{\"@type\":\"WebSite\",\"@id\":\"https:\/\/famille-giraud-quevillier.fr\/#website\",\"url\":\"https:\/\/famille-giraud-quevillier.fr\/\",\"name\":\"Famille Giraud Quevillier\",\"description\":\"Site Familliale\",\"potentialAction\":[{\"@type\":\"SearchAction\",\"target\":{\"@type\":\"EntryPoint\",\"urlTemplate\":\"https:\/\/famille-giraud-quevillier.fr\/?s={search_term_string}\"},\"query-input\":\"required name=search_term_string\"}],\"inLanguage\":\"fr-FR\"}]}<\/script>\n<!-- \/ Yoast SEO plugin. -->","yoast_head_json":{"title":"LE PORT - Famille Giraud Quevillier","robots":{"index":"index","follow":"follow","max-snippet":"max-snippet:-1","max-image-preview":"max-image-preview:large","max-video-preview":"max-video-preview:-1"},"canonical":"https:\/\/famille-giraud-quevillier.fr\/index.php\/le-port\/","og_locale":"fr_FR","og_type":"article","og_title":"LE PORT - Famille Giraud Quevillier","og_description":"HIER La rade d'Antibes a attir\u00e9 les Grecs au Ve\u00a0si\u00e8cle av. J.-C., entre le site actuel du Fort Carr\u00e9 et le site de la vieille ville. Le littoral antique a \u00e9t\u00e9 modifi\u00e9, sous l'effet de l'action du Var, de la Brague [&hellip;]","og_url":"https:\/\/famille-giraud-quevillier.fr\/index.php\/le-port\/","og_site_name":"Famille Giraud Quevillier","article_modified_time":"2022-12-13T13:40:12+00:00","twitter_card":"summary_large_image","twitter_misc":{"Dur\u00e9e de lecture estim\u00e9e":"4 minutes"},"schema":{"@context":"https:\/\/schema.org","@graph":[{"@type":"WebPage","@id":"https:\/\/famille-giraud-quevillier.fr\/index.php\/le-port\/","url":"https:\/\/famille-giraud-quevillier.fr\/index.php\/le-port\/","name":"LE PORT - Famille Giraud Quevillier","isPartOf":{"@id":"https:\/\/famille-giraud-quevillier.fr\/#website"},"datePublished":"2019-04-27T08:57:37+00:00","dateModified":"2022-12-13T13:40:12+00:00","breadcrumb":{"@id":"https:\/\/famille-giraud-quevillier.fr\/index.php\/le-port\/#breadcrumb"},"inLanguage":"fr-FR","potentialAction":[{"@type":"ReadAction","target":["https:\/\/famille-giraud-quevillier.fr\/index.php\/le-port\/"]}]},{"@type":"BreadcrumbList","@id":"https:\/\/famille-giraud-quevillier.fr\/index.php\/le-port\/#breadcrumb","itemListElement":[{"@type":"ListItem","position":1,"name":"Accueil","item":"https:\/\/famille-giraud-quevillier.fr\/"},{"@type":"ListItem","position":2,"name":"LE PORT"}]},{"@type":"WebSite","@id":"https:\/\/famille-giraud-quevillier.fr\/#website","url":"https:\/\/famille-giraud-quevillier.fr\/","name":"Famille Giraud Quevillier","description":"Site Familliale","potentialAction":[{"@type":"SearchAction","target":{"@type":"EntryPoint","urlTemplate":"https:\/\/famille-giraud-quevillier.fr\/?s={search_term_string}"},"query-input":"required name=search_term_string"}],"inLanguage":"fr-FR"}]}},"_links":{"self":[{"href":"https:\/\/famille-giraud-quevillier.fr\/index.php\/wp-json\/wp\/v2\/pages\/918"}],"collection":[{"href":"https:\/\/famille-giraud-quevillier.fr\/index.php\/wp-json\/wp\/v2\/pages"}],"about":[{"href":"https:\/\/famille-giraud-quevillier.fr\/index.php\/wp-json\/wp\/v2\/types\/page"}],"author":[{"embeddable":true,"href":"https:\/\/famille-giraud-quevillier.fr\/index.php\/wp-json\/wp\/v2\/users\/1"}],"replies":[{"embeddable":true,"href":"https:\/\/famille-giraud-quevillier.fr\/index.php\/wp-json\/wp\/v2\/comments?post=918"}],"version-history":[{"count":9,"href":"https:\/\/famille-giraud-quevillier.fr\/index.php\/wp-json\/wp\/v2\/pages\/918\/revisions"}],"predecessor-version":[{"id":1092,"href":"https:\/\/famille-giraud-quevillier.fr\/index.php\/wp-json\/wp\/v2\/pages\/918\/revisions\/1092"}],"wp:attachment":[{"href":"https:\/\/famille-giraud-quevillier.fr\/index.php\/wp-json\/wp\/v2\/media?parent=918"}],"curies":[{"name":"wp","href":"https:\/\/api.w.org\/{rel}","templated":true}]}}