{"id":938,"date":"2019-04-27T12:27:35","date_gmt":"2019-04-27T10:27:35","guid":{"rendered":"http:\/\/famille-giraud-quevillier.fr\/?page_id=938"},"modified":"2022-12-13T14:42:12","modified_gmt":"2022-12-13T13:42:12","slug":"statue-championnet","status":"publish","type":"page","link":"https:\/\/famille-giraud-quevillier.fr\/index.php\/statue-championnet\/","title":{"rendered":"STATUE CHAMPIONNET et MARCHE PROVENCAL"},"content":{"rendered":"<p>[et_pb_section fb_built=\u00a0\u00bb1&Prime; theme_builder_area=\u00a0\u00bbpost_content\u00a0\u00bb _builder_version=\u00a0\u00bb4.19.2&Prime; _module_preset=\u00a0\u00bbdefault\u00a0\u00bb][et_pb_row _builder_version=\u00a0\u00bb4.19.2&Prime; _module_preset=\u00a0\u00bbdefault\u00a0\u00bb theme_builder_area=\u00a0\u00bbpost_content\u00a0\u00bb][et_pb_column _builder_version=\u00a0\u00bb4.19.2&Prime; _module_preset=\u00a0\u00bbdefault\u00a0\u00bb type=\u00a0\u00bb4_4&Prime; theme_builder_area=\u00a0\u00bbpost_content\u00a0\u00bb][dsm_before_after_image before_src=\u00a0\u00bbhttps:\/\/famille-giraud-quevillier.fr\/wp-content\/uploads\/2019\/04\/place-Championnet-1915.jpg\u00a0\u00bb after_src=\u00a0\u00bbhttps:\/\/famille-giraud-quevillier.fr\/wp-content\/uploads\/2019\/04\/statue-championnet-2019.jpg\u00a0\u00bb _builder_version=\u00a0\u00bb4.19.2&Prime; _module_preset=\u00a0\u00bbdefault\u00a0\u00bb theme_builder_area=\u00a0\u00bbpost_content\u00a0\u00bb title_text=\u00a0\u00bbstatue championnet 2019&Prime; before_label_text=\u00a0\u00bbHier\u00a0\u00bb after_label_text=\u00a0\u00bbAujourd&rsquo;hui\u00a0\u00bb hover_enabled=\u00a0\u00bb0&Prime; sticky_enabled=\u00a0\u00bb0&Prime;][\/dsm_before_after_image][\/et_pb_column][\/et_pb_row][\/et_pb_section][et_pb_section fb_built=\u00a0\u00bb1&Prime; disabled_on=\u00a0\u00bboff|off|off\u00a0\u00bb admin_label=\u00a0\u00bbFeatured Project\u00a0\u00bb _builder_version=\u00a0\u00bb4.16&Prime; custom_padding=\u00a0\u00bb4px||28px||false|false\u00a0\u00bb global_colors_info=\u00a0\u00bb{}\u00a0\u00bb][et_pb_row column_structure=\u00a0\u00bb1_2,1_2&Prime; admin_label=\u00a0\u00bbFeatured Project\u00a0\u00bb _builder_version=\u00a0\u00bb4.16&Prime; custom_padding=\u00a0\u00bb27.3375px|0px|13px|0px|false|false\u00a0\u00bb global_colors_info=\u00a0\u00bb{}\u00a0\u00bb][et_pb_column type=\u00a0\u00bb1_2&Prime; _builder_version=\u00a0\u00bb4.16&Prime; custom_padding=\u00a0\u00bb|||\u00a0\u00bb global_colors_info=\u00a0\u00bb{}\u00a0\u00bb custom_padding__hover=\u00a0\u00bb|||\u00a0\u00bb][et_pb_divider divider_weight=\u00a0\u00bb3px\u00a0\u00bb _builder_version=\u00a0\u00bb4.16&Prime; max_width=\u00a0\u00bb23px\u00a0\u00bb module_alignment=\u00a0\u00bbleft\u00a0\u00bb animation_style=\u00a0\u00bbslide\u00a0\u00bb animation_intensity_slide=\u00a0\u00bb20%\u00a0\u00bb animation_starting_opacity=\u00a0\u00bb100%\u00a0\u00bb locked=\u00a0\u00bboff\u00a0\u00bb global_colors_info=\u00a0\u00bb{}\u00a0\u00bb][\/et_pb_divider][et_pb_text _builder_version=\u00a0\u00bb4.16&Prime; text_font=\u00a0\u00bbPoppins||||||||\u00a0\u00bb text_font_size=\u00a0\u00bb17px\u00a0\u00bb text_line_height=\u00a0\u00bb1.8em\u00a0\u00bb header_font=\u00a0\u00bb||||||||\u00a0\u00bb max_width=\u00a0\u00bb90%\u00a0\u00bb custom_margin=\u00a0\u00bb-60px||-9px||false\u00a0\u00bb custom_padding=\u00a0\u00bb0px||\u00a0\u00bb animation_style=\u00a0\u00bbfade\u00a0\u00bb animation_direction=\u00a0\u00bbleft\u00a0\u00bb animation_starting_opacity=\u00a0\u00bb100%\u00a0\u00bb global_colors_info=\u00a0\u00bb{}\u00a0\u00bb]<\/p>\n<p style=\"text-align: right;\"><strong> HIER<\/strong><\/p>\n<p style=\"text-align: right;\">Jean Etienne VACHIER dit CHAMPIONNET<\/p>\n<p><span style=\"color: #333300;\">La carri\u00e8re mouvement\u00e9e de Championnet s\u2019ouvre par la r\u00e9daction d\u2019un acte d\u2019\u00e9tat civil contest\u00e9 et contradictoire \u00e0 l\u2019image de sa vie, \u00ab\u00a0Valence, an 1762 et le 14 avril a \u00e9t\u00e9 baptis\u00e9 un gar\u00e7on n\u00e9 le m\u00eame jour \u00e0 qui on a donn\u00e9 les noms de Jean-Etienne fils naturel non l\u00e9gitime de Madeleine Vachier fille \u00e0 Pierre travailleur de terre habitant dans la communaut\u00e9 de Charpey\u00a0\u00bb<\/span><\/p>\n<p style=\"text-align: left;\"><span style=\"color: #333300;\"><span>Si cette tr\u00e8s belle femme d\u2019origine modeste, compl\u00e8tement illettr\u00e9e, a utilis\u00e9 le nom de sa propre grand-m\u00e8re, c\u2019est qu\u2019elle ne veut pas compromettre le volage p\u00e8re de son fils, un notable r\u00e9put\u00e9.<\/span><strong><br \/> <\/strong><\/span><\/p>\n<p>[\/et_pb_text][\/et_pb_column][et_pb_column type=\u00a0\u00bb1_2&Prime; _builder_version=\u00a0\u00bb4.16&Prime; custom_padding=\u00a0\u00bb|||\u00a0\u00bb global_colors_info=\u00a0\u00bb{}\u00a0\u00bb custom_padding__hover=\u00a0\u00bb|||\u00a0\u00bb][et_pb_image src=\u00a0\u00bbhttp:\/\/famille-giraud-quevillier.fr\/wp-content\/uploads\/2019\/04\/place-Championnet-1915.jpg\u00a0\u00bb show_in_lightbox=\u00a0\u00bbon\u00a0\u00bb align=\u00a0\u00bbcenter\u00a0\u00bb force_fullwidth=\u00a0\u00bbon\u00a0\u00bb align_tablet=\u00a0\u00bbcenter\u00a0\u00bb align_phone=\u00a0\u00bb\u00a0\u00bb align_last_edited=\u00a0\u00bbon|desktop\u00a0\u00bb _builder_version=\u00a0\u00bb4.16&Prime; custom_margin=\u00a0\u00bb50px||\u00a0\u00bb global_colors_info=\u00a0\u00bb{}\u00a0\u00bb][\/et_pb_image][et_pb_text _builder_version=\u00a0\u00bb4.16&Prime; text_font=\u00a0\u00bbPoppins||||||||\u00a0\u00bb text_font_size=\u00a0\u00bb17px\u00a0\u00bb global_colors_info=\u00a0\u00bb{}\u00a0\u00bb]<\/p>\n<p><span style=\"color: #333300;\">Le p\u00e8re\u00a0 s\u2019appelle Etienne Grand. Il a vingt-trois ans, cumule les titres h\u00e9rit\u00e9s de son propre p\u00e8re Claude et poss\u00e8de une fortune consid\u00e9rable.\u00a0 Une de ses propri\u00e9t\u00e9s situ\u00e9e \u00e0 c\u00f4t\u00e9 du Champ-de-Mars,\u00a0 s\u2019appelait le Champ-de-Pionnet. C\u2019est probablement dans cette propri\u00e9t\u00e9 compos\u00e9e \u00abd\u2019un enclos de vigne avec une petite maison au milieu\u00bb qu\u2019Etienne Grand s\u00e9duisit Madeleine, et qu\u2019en souvenir de ce lieu il surnomma son fils Championnet.<\/span><\/p>\n<p>[\/et_pb_text][\/et_pb_column][\/et_pb_row][et_pb_row _builder_version=\u00a0\u00bb4.16&Prime; custom_padding=\u00a0\u00bb0||6px|0px|false|false\u00a0\u00bb global_colors_info=\u00a0\u00bb{}\u00a0\u00bb][et_pb_column type=\u00a0\u00bb4_4&Prime; _builder_version=\u00a0\u00bb4.16&Prime; custom_padding=\u00a0\u00bb|0px||\u00a0\u00bb global_colors_info=\u00a0\u00bb{}\u00a0\u00bb custom_padding__hover=\u00a0\u00bb|||\u00a0\u00bb][et_pb_text _builder_version=\u00a0\u00bb4.16&Prime; text_font=\u00a0\u00bbPoppins||||||||\u00a0\u00bb text_font_size=\u00a0\u00bb17px\u00a0\u00bb text_line_height=\u00a0\u00bb1.8em\u00a0\u00bb header_font=\u00a0\u00bbPoppins||||||||\u00a0\u00bb max_width=\u00a0\u00bb90%\u00a0\u00bb custom_margin=\u00a0\u00bb-6px|0px|-10px||false\u00a0\u00bb custom_padding=\u00a0\u00bb0px|0px|3px|0px\u00a0\u00bb animation_style=\u00a0\u00bbzoom\u00a0\u00bb global_colors_info=\u00a0\u00bb{}\u00a0\u00bb]<\/p>\n<p><span><span style=\"color: #333300;\">\u00a0\u00a0 Tout comme pour sa naissance, l\u2019enregistrement de son d\u00e9c\u00e8s ouvre la porte \u00e0 une nouvelle pol\u00e9mique et \u00e0 plusieurs hypoth\u00e8ses. Est-il mort \u00e0 Antibes ou \u00e0 Nice, entre le 20 et\u00a0 29 janvier 1800, des suite d&rsquo;une \u00e9pidemie du typhus, alors que l&rsquo;on rapatriait son corps sur Valance, sa ville natale? <\/span><\/span><\/p>\n<p><span><span style=\"color: #333300;\">Toujours est-il que la ville d&rsquo;Antibes s&rsquo;est appropri\u00e9e sa mort. Le 14 juillet 1889, \u00e0 l\u2019occasion du centenaire de la R\u00e9volution, une premi\u00e8re plaque a \u00e9t\u00e9 inaugur\u00e9e sur la fa\u00e7ade de l\u2019ancien h\u00f4tel des Aigles d\u2019Or, dans l\u2019actuelle rue Thuret. Depuis cette inauguration, une tradition locale veut que le d\u00e9biteur incapable d\u2019honorer ses dettes s\u2019adresse \u00e0 son cr\u00e9ancier en ces termes :\u00abVa te faire payer par Championnet\u00bb, ce qui signifie \u00abpar la mairie ou par le diable\u00bb, puisque ledit Championnet ne poss\u00e9dant pas de bras, il ne peut \u00e9videmment mettre la main \u00e0 la poche. <\/span><br \/> <\/span><\/p>\n<p>[\/et_pb_text][\/et_pb_column][\/et_pb_row][et_pb_row column_structure=\u00a0\u00bb1_2,1_2&Prime; _builder_version=\u00a0\u00bb4.16&Prime; custom_padding=\u00a0\u00bb4px|0px|4px|0px|false|false\u00a0\u00bb global_colors_info=\u00a0\u00bb{}\u00a0\u00bb][et_pb_column type=\u00a0\u00bb1_2&Prime; _builder_version=\u00a0\u00bb4.16&Prime; custom_padding=\u00a0\u00bb|||\u00a0\u00bb global_colors_info=\u00a0\u00bb{}\u00a0\u00bb custom_padding__hover=\u00a0\u00bb|||\u00a0\u00bb][et_pb_text _builder_version=\u00a0\u00bb4.16&Prime; global_colors_info=\u00a0\u00bb{}\u00a0\u00bb]<\/p>\n<p style=\"text-align: right;\"><span style=\"color: #333300;\"><strong><span style=\"color: #808080;\"><\/span><\/strong><\/span><\/p>\n<p style=\"text-align: right;\"><span style=\"color: #333300;\"><strong><span style=\"color: #808080;\">AUJOURD&rsquo;HUI<\/span><\/strong><\/span><\/p>\n<p>[\/et_pb_text][\/et_pb_column][et_pb_column type=\u00a0\u00bb1_2&Prime; _builder_version=\u00a0\u00bb4.16&Prime; custom_padding=\u00a0\u00bb|||\u00a0\u00bb global_colors_info=\u00a0\u00bb{}\u00a0\u00bb custom_padding__hover=\u00a0\u00bb|||\u00a0\u00bb][\/et_pb_column][\/et_pb_row][et_pb_row column_structure=\u00a0\u00bb1_2,1_2&Prime; _builder_version=\u00a0\u00bb4.16&Prime; custom_margin=\u00a0\u00bb||50px\u00a0\u00bb custom_padding=\u00a0\u00bb4px|0px|0|0px|false|false\u00a0\u00bb global_colors_info=\u00a0\u00bb{}\u00a0\u00bb][et_pb_column type=\u00a0\u00bb1_2&Prime; _builder_version=\u00a0\u00bb4.16&Prime; custom_padding=\u00a0\u00bb|||\u00a0\u00bb global_colors_info=\u00a0\u00bb{}\u00a0\u00bb custom_padding__hover=\u00a0\u00bb|||\u00a0\u00bb][et_pb_image src=\u00a0\u00bbhttp:\/\/famille-giraud-quevillier.fr\/wp-content\/uploads\/2019\/04\/statue-championnet-2019.jpg\u00a0\u00bb show_in_lightbox=\u00a0\u00bbon\u00a0\u00bb align_tablet=\u00a0\u00bbcenter\u00a0\u00bb align_phone=\u00a0\u00bb\u00a0\u00bb align_last_edited=\u00a0\u00bbon|desktop\u00a0\u00bb admin_label=\u00a0\u00bbP\u00eacheurs sur le port (collection GG)\u00a0\u00bb _builder_version=\u00a0\u00bb4.16&Prime; global_colors_info=\u00a0\u00bb{}\u00a0\u00bb][\/et_pb_image][et_pb_text _builder_version=\u00a0\u00bb4.16&Prime; text_font=\u00a0\u00bb||||||||\u00a0\u00bb text_font_size=\u00a0\u00bb16px\u00a0\u00bb text_line_height=\u00a0\u00bb1em\u00a0\u00bb header_font=\u00a0\u00bb||||||||\u00a0\u00bb header_font_size=\u00a0\u00bb26px\u00a0\u00bb header_line_height=\u00a0\u00bb3em\u00a0\u00bb max_width=\u00a0\u00bb94%\u00a0\u00bb custom_margin=\u00a0\u00bb-37px||||false\u00a0\u00bb global_colors_info=\u00a0\u00bb{}\u00a0\u00bb]<\/p>\n<p><span style=\"color: #333300;\">Statut CHAMPIONNET<br \/> <\/span><\/p>\n<h5><span style=\"color: #333300;\"><span style=\"font-size: small;\">Photos et cartes postales: Collection GG<\/span> <\/span><br \/> <span style=\"color: #333300;\"><\/span><\/h5>\n<p>[\/et_pb_text][\/et_pb_column][et_pb_column type=\u00a0\u00bb1_2&Prime; _builder_version=\u00a0\u00bb4.16&Prime; custom_padding=\u00a0\u00bb|||\u00a0\u00bb global_colors_info=\u00a0\u00bb{}\u00a0\u00bb custom_padding__hover=\u00a0\u00bb|||\u00a0\u00bb][et_pb_image src=\u00a0\u00bbhttp:\/\/famille-giraud-quevillier.fr\/wp-content\/uploads\/2019\/04\/IMG_3973.jpg\u00a0\u00bb show_in_lightbox=\u00a0\u00bbon\u00a0\u00bb align_tablet=\u00a0\u00bbcenter\u00a0\u00bb align_phone=\u00a0\u00bb\u00a0\u00bb align_last_edited=\u00a0\u00bbon|desktop\u00a0\u00bb _builder_version=\u00a0\u00bb4.16&Prime; max_width=\u00a0\u00bb66%\u00a0\u00bb custom_margin=\u00a0\u00bb|0px||81px\u00a0\u00bb global_colors_info=\u00a0\u00bb{}\u00a0\u00bb][\/et_pb_image][et_pb_text _builder_version=\u00a0\u00bb4.16&Prime; custom_margin=\u00a0\u00bb-40px||\u00a0\u00bb global_colors_info=\u00a0\u00bb{}\u00a0\u00bb]<\/p>\n<p><span style=\"color: #333300;\">\u00a0\u00a0\u00a0\u00a0\u00a0\u00a0\u00a0\u00a0\u00a0\u00a0\u00a0\u00a0\u00a0\u00a0\u00a0\u00a0\u00a0\u00a0\u00a0\u00a0\u00a0 Le March\u00e9 Proven\u00e7al (2019)<br \/><\/span><\/p>\n<p>[\/et_pb_text][\/et_pb_column][\/et_pb_row][\/et_pb_section]<\/p>\n","protected":false},"excerpt":{"rendered":"<p><div class=\"et_pb_module dsm_before_after_image dsm_before_after_image_0\">\n\t\t\t\t\n\t\t\t\t\n\t\t\t\t\n\t\t\t\t\n\t\t\t\t\n\t\t\t\t\n\t\t\t\t<div class=\"et_pb_module_inner\">\n\t\t\t\t\t<div class=\"dsm_before_after_image_wrapper\" data-params=[{\"offset\":\"0.5\",\"orientation\":\"horizontal\",\"overlay\":false,\"hover\":false,\"handle\":true,\"click\":false}]>\n\t\t\t\t\n\t\t\t\t\n\t\t\t\t<img src=\"https:\/\/famille-giraud-quevillier.fr\/wp-content\/uploads\/2019\/04\/place-Championnet-1915.jpg\" alt=\"\" title=\"\" srcset=\"https:\/\/famille-giraud-quevillier.fr\/wp-content\/uploads\/2019\/04\/place-Championnet-1915.jpg 2560w, https:\/\/famille-giraud-quevillier.fr\/wp-content\/uploads\/2019\/04\/place-Championnet-1915-300x196.jpg 300w, https:\/\/famille-giraud-quevillier.fr\/wp-content\/uploads\/2019\/04\/place-Championnet-1915-1024x670.jpg 1024w, https:\/\/famille-giraud-quevillier.fr\/wp-content\/uploads\/2019\/04\/place-Championnet-1915-768x503.jpg 768w, https:\/\/famille-giraud-quevillier.fr\/wp-content\/uploads\/2019\/04\/place-Championnet-1915-1536x1005.jpg 1536w, https:\/\/famille-giraud-quevillier.fr\/wp-content\/uploads\/2019\/04\/place-Championnet-1915-2048x1340.jpg 2048w, https:\/\/famille-giraud-quevillier.fr\/wp-content\/uploads\/2019\/04\/place-Championnet-1915-1080x707.jpg 1080w\" sizes=\"(max-width: 2560px) 100vw, 2560px\" class=\"skip-lazy\" \/><img src=\"https:\/\/famille-giraud-quevillier.fr\/wp-content\/uploads\/2019\/04\/statue-championnet-2019.jpg\" alt=\"\" title=\"\" srcset=\"https:\/\/famille-giraud-quevillier.fr\/wp-content\/uploads\/2019\/04\/statue-championnet-2019.jpg 2448w, https:\/\/famille-giraud-quevillier.fr\/wp-content\/uploads\/2019\/04\/statue-championnet-2019-300x227.jpg 300w, https:\/\/famille-giraud-quevillier.fr\/wp-content\/uploads\/2019\/04\/statue-championnet-2019-1024x776.jpg 1024w, https:\/\/famille-giraud-quevillier.fr\/wp-content\/uploads\/2019\/04\/statue-championnet-2019-768x582.jpg 768w, https:\/\/famille-giraud-quevillier.fr\/wp-content\/uploads\/2019\/04\/statue-championnet-2019-1536x1163.jpg 1536w, https:\/\/famille-giraud-quevillier.fr\/wp-content\/uploads\/2019\/04\/statue-championnet-2019-2048x1551.jpg 2048w, https:\/\/famille-giraud-quevillier.fr\/wp-content\/uploads\/2019\/04\/statue-championnet-2019-1080x818.jpg 1080w\" sizes=\"(max-width: 2448px) 100vw, 2448px\" class=\"skip-lazy\" \/>\n\t\t\t<\/div>\n\t\t\t\t<\/div>\n\t\t\t<\/div> HIER Jean Etienne VACHIER dit CHAMPIONNET La carri\u00e8re mouvement\u00e9e de Championnet s\u2019ouvre par la r\u00e9daction d\u2019un acte d\u2019\u00e9tat civil contest\u00e9 et contradictoire \u00e0 l\u2019image de sa vie, \u00ab\u00a0Valence, an 1762 et le 14 avril a \u00e9t\u00e9 baptis\u00e9 un gar\u00e7on n\u00e9 le m\u00eame [&hellip;]<\/p>\n","protected":false},"author":1,"featured_media":0,"parent":0,"menu_order":0,"comment_status":"closed","ping_status":"closed","template":"","meta":{"_et_pb_use_builder":"on","_et_pb_old_content":"","_et_gb_content_width":""},"yoast_head":"<!-- This site is optimized with the Yoast SEO plugin v19.13 - https:\/\/yoast.com\/wordpress\/plugins\/seo\/ -->\n<title>STATUE CHAMPIONNET et MARCHE PROVENCAL - Famille Giraud Quevillier<\/title>\n<meta name=\"robots\" content=\"index, follow, max-snippet:-1, max-image-preview:large, max-video-preview:-1\" \/>\n<link rel=\"canonical\" href=\"https:\/\/famille-giraud-quevillier.fr\/index.php\/statue-championnet\/\" \/>\n<meta property=\"og:locale\" content=\"fr_FR\" \/>\n<meta property=\"og:type\" content=\"article\" \/>\n<meta property=\"og:title\" content=\"STATUE CHAMPIONNET et MARCHE PROVENCAL - Famille Giraud Quevillier\" \/>\n<meta property=\"og:description\" content=\"HIER Jean Etienne VACHIER dit CHAMPIONNET La carri\u00e8re mouvement\u00e9e de Championnet s\u2019ouvre par la r\u00e9daction d\u2019un acte d\u2019\u00e9tat civil contest\u00e9 et contradictoire \u00e0 l\u2019image de sa vie, \u00ab\u00a0Valence, an 1762 et le 14 avril a \u00e9t\u00e9 baptis\u00e9 un gar\u00e7on n\u00e9 le m\u00eame [&hellip;]\" \/>\n<meta property=\"og:url\" content=\"https:\/\/famille-giraud-quevillier.fr\/index.php\/statue-championnet\/\" \/>\n<meta property=\"og:site_name\" content=\"Famille Giraud Quevillier\" \/>\n<meta property=\"article:modified_time\" content=\"2022-12-13T13:42:12+00:00\" \/>\n<meta name=\"twitter:card\" content=\"summary_large_image\" \/>\n<meta name=\"twitter:label1\" content=\"Dur\u00e9e de lecture estim\u00e9e\" \/>\n\t<meta name=\"twitter:data1\" content=\"5 minutes\" \/>\n<script type=\"application\/ld+json\" class=\"yoast-schema-graph\">{\"@context\":\"https:\/\/schema.org\",\"@graph\":[{\"@type\":\"WebPage\",\"@id\":\"https:\/\/famille-giraud-quevillier.fr\/index.php\/statue-championnet\/\",\"url\":\"https:\/\/famille-giraud-quevillier.fr\/index.php\/statue-championnet\/\",\"name\":\"STATUE CHAMPIONNET et MARCHE PROVENCAL - Famille Giraud Quevillier\",\"isPartOf\":{\"@id\":\"https:\/\/famille-giraud-quevillier.fr\/#website\"},\"datePublished\":\"2019-04-27T10:27:35+00:00\",\"dateModified\":\"2022-12-13T13:42:12+00:00\",\"breadcrumb\":{\"@id\":\"https:\/\/famille-giraud-quevillier.fr\/index.php\/statue-championnet\/#breadcrumb\"},\"inLanguage\":\"fr-FR\",\"potentialAction\":[{\"@type\":\"ReadAction\",\"target\":[\"https:\/\/famille-giraud-quevillier.fr\/index.php\/statue-championnet\/\"]}]},{\"@type\":\"BreadcrumbList\",\"@id\":\"https:\/\/famille-giraud-quevillier.fr\/index.php\/statue-championnet\/#breadcrumb\",\"itemListElement\":[{\"@type\":\"ListItem\",\"position\":1,\"name\":\"Accueil\",\"item\":\"https:\/\/famille-giraud-quevillier.fr\/\"},{\"@type\":\"ListItem\",\"position\":2,\"name\":\"STATUE CHAMPIONNET et MARCHE PROVENCAL\"}]},{\"@type\":\"WebSite\",\"@id\":\"https:\/\/famille-giraud-quevillier.fr\/#website\",\"url\":\"https:\/\/famille-giraud-quevillier.fr\/\",\"name\":\"Famille Giraud Quevillier\",\"description\":\"Site Familliale\",\"potentialAction\":[{\"@type\":\"SearchAction\",\"target\":{\"@type\":\"EntryPoint\",\"urlTemplate\":\"https:\/\/famille-giraud-quevillier.fr\/?s={search_term_string}\"},\"query-input\":\"required name=search_term_string\"}],\"inLanguage\":\"fr-FR\"}]}<\/script>\n<!-- \/ Yoast SEO plugin. -->","yoast_head_json":{"title":"STATUE CHAMPIONNET et MARCHE PROVENCAL - Famille Giraud Quevillier","robots":{"index":"index","follow":"follow","max-snippet":"max-snippet:-1","max-image-preview":"max-image-preview:large","max-video-preview":"max-video-preview:-1"},"canonical":"https:\/\/famille-giraud-quevillier.fr\/index.php\/statue-championnet\/","og_locale":"fr_FR","og_type":"article","og_title":"STATUE CHAMPIONNET et MARCHE PROVENCAL - Famille Giraud Quevillier","og_description":"HIER Jean Etienne VACHIER dit CHAMPIONNET La carri\u00e8re mouvement\u00e9e de Championnet s\u2019ouvre par la r\u00e9daction d\u2019un acte d\u2019\u00e9tat civil contest\u00e9 et contradictoire \u00e0 l\u2019image de sa vie, \u00ab\u00a0Valence, an 1762 et le 14 avril a \u00e9t\u00e9 baptis\u00e9 un gar\u00e7on n\u00e9 le m\u00eame [&hellip;]","og_url":"https:\/\/famille-giraud-quevillier.fr\/index.php\/statue-championnet\/","og_site_name":"Famille Giraud Quevillier","article_modified_time":"2022-12-13T13:42:12+00:00","twitter_card":"summary_large_image","twitter_misc":{"Dur\u00e9e de lecture estim\u00e9e":"5 minutes"},"schema":{"@context":"https:\/\/schema.org","@graph":[{"@type":"WebPage","@id":"https:\/\/famille-giraud-quevillier.fr\/index.php\/statue-championnet\/","url":"https:\/\/famille-giraud-quevillier.fr\/index.php\/statue-championnet\/","name":"STATUE CHAMPIONNET et MARCHE PROVENCAL - Famille Giraud Quevillier","isPartOf":{"@id":"https:\/\/famille-giraud-quevillier.fr\/#website"},"datePublished":"2019-04-27T10:27:35+00:00","dateModified":"2022-12-13T13:42:12+00:00","breadcrumb":{"@id":"https:\/\/famille-giraud-quevillier.fr\/index.php\/statue-championnet\/#breadcrumb"},"inLanguage":"fr-FR","potentialAction":[{"@type":"ReadAction","target":["https:\/\/famille-giraud-quevillier.fr\/index.php\/statue-championnet\/"]}]},{"@type":"BreadcrumbList","@id":"https:\/\/famille-giraud-quevillier.fr\/index.php\/statue-championnet\/#breadcrumb","itemListElement":[{"@type":"ListItem","position":1,"name":"Accueil","item":"https:\/\/famille-giraud-quevillier.fr\/"},{"@type":"ListItem","position":2,"name":"STATUE CHAMPIONNET et MARCHE PROVENCAL"}]},{"@type":"WebSite","@id":"https:\/\/famille-giraud-quevillier.fr\/#website","url":"https:\/\/famille-giraud-quevillier.fr\/","name":"Famille Giraud Quevillier","description":"Site Familliale","potentialAction":[{"@type":"SearchAction","target":{"@type":"EntryPoint","urlTemplate":"https:\/\/famille-giraud-quevillier.fr\/?s={search_term_string}"},"query-input":"required name=search_term_string"}],"inLanguage":"fr-FR"}]}},"_links":{"self":[{"href":"https:\/\/famille-giraud-quevillier.fr\/index.php\/wp-json\/wp\/v2\/pages\/938"}],"collection":[{"href":"https:\/\/famille-giraud-quevillier.fr\/index.php\/wp-json\/wp\/v2\/pages"}],"about":[{"href":"https:\/\/famille-giraud-quevillier.fr\/index.php\/wp-json\/wp\/v2\/types\/page"}],"author":[{"embeddable":true,"href":"https:\/\/famille-giraud-quevillier.fr\/index.php\/wp-json\/wp\/v2\/users\/1"}],"replies":[{"embeddable":true,"href":"https:\/\/famille-giraud-quevillier.fr\/index.php\/wp-json\/wp\/v2\/comments?post=938"}],"version-history":[{"count":6,"href":"https:\/\/famille-giraud-quevillier.fr\/index.php\/wp-json\/wp\/v2\/pages\/938\/revisions"}],"predecessor-version":[{"id":1093,"href":"https:\/\/famille-giraud-quevillier.fr\/index.php\/wp-json\/wp\/v2\/pages\/938\/revisions\/1093"}],"wp:attachment":[{"href":"https:\/\/famille-giraud-quevillier.fr\/index.php\/wp-json\/wp\/v2\/media?parent=938"}],"curies":[{"name":"wp","href":"https:\/\/api.w.org\/{rel}","templated":true}]}}